{"id":33301,"date":"2025-06-24T00:35:51","date_gmt":"2025-06-24T08:35:51","guid":{"rendered":"http:\/\/45.63.70.205\/?post_type=product&#038;p=33301"},"modified":"2025-06-24T00:44:56","modified_gmt":"2025-06-24T08:44:56","slug":"wholesale-custom-eco-friendly-a4-stitched-notebook-perfect-for-daily-notes-sustainable-living","status":"publish","type":"product","link":"http:\/\/shinyyoustationery.com\/de\/wholesale-custom-eco-friendly-a4-stitched-notebook-perfect-for-daily-notes-sustainable-living\/","title":{"rendered":"Gro\u00dfhandel Custom Eco-Friendly A4 gen\u00e4ht Notebook - Perfekt f\u00fcr t\u00e4gliche Notizen &amp; Sustainable Living"},"content":{"rendered":"","protected":false},"excerpt":{"rendered":"<p>Setzen Sie auf Nachhaltigkeit mit diesem Softcover-Notizbuch im Format A4 mit Heftung und dem leuchtenden Say No to Plastic\"-Design. Dieses umweltbewusste Notizbuch ist ideal f\u00fcr Tagebucheintragungen, Notizen oder Skizzen. Es unterst\u00fctzt einen plastikfreien Lebensstil und bringt Farbe in Ihren Arbeitsbereich. Perfekt f\u00fcr alle, denen die Umwelt am Herzen liegt und die etwas bewirken wollen.<\/p>","protected":false},"featured_media":33303,"template":"","meta":[],"product_brand":[],"product_cat":[668,683],"product_tag":[],"class_list":{"0":"post-33301","1":"product","2":"type-product","3":"status-publish","4":"has-post-thumbnail","6":"product_cat-softcover-notebook","7":"product_cat-eco-friendly-collection","9":"first","10":"instock","11":"shipping-taxable","12":"product-type-simple"},"_links":{"self":[{"href":"http:\/\/shinyyoustationery.com\/de\/wp-json\/wp\/v2\/product\/33301","targetHints":{"allow":["GET"]}}],"collection":[{"href":"http:\/\/shinyyoustationery.com\/de\/wp-json\/wp\/v2\/product"}],"about":[{"href":"http:\/\/shinyyoustationery.com\/de\/wp-json\/wp\/v2\/types\/product"}],"version-history":[{"count":0,"href":"http:\/\/shinyyoustationery.com\/de\/wp-json\/wp\/v2\/product\/33301\/revisions"}],"wp:featuredmedia":[{"embeddable":true,"href":"http:\/\/shinyyoustationery.com\/de\/wp-json\/wp\/v2\/media\/33303"}],"wp:attachment":[{"href":"http:\/\/shinyyoustationery.com\/de\/wp-json\/wp\/v2\/media?parent=33301"}],"wp:term":[{"taxonomy":"product_brand","embeddable":true,"href":"http:\/\/shinyyoustationery.com\/de\/wp-json\/wp\/v2\/product_brand?post=33301"},{"taxonomy":"product_cat","embeddable":true,"href":"http:\/\/shinyyoustationery.com\/de\/wp-json\/wp\/v2\/product_cat?post=33301"},{"taxonomy":"product_tag","embeddable":true,"href":"http:\/\/shinyyoustationery.com\/de\/wp-json\/wp\/v2\/product_tag?post=33301"}],"curies":[{"name":"wp","href":"https:\/\/api.w.org\/{rel}","templated":true}]}}