{"id":33338,"date":"2025-06-24T01:20:33","date_gmt":"2025-06-24T09:20:33","guid":{"rendered":"http:\/\/45.63.70.205\/?post_type=product&#038;p=33338"},"modified":"2025-06-24T01:29:24","modified_gmt":"2025-06-24T09:29:24","slug":"wholesale-custom-eco-friendly-a5-hardcover-notebook-i-am-not-a-plastic-for-sustainable-work-or-study","status":"publish","type":"product","link":"http:\/\/shinyyoustationery.com\/de\/wholesale-custom-eco-friendly-a5-hardcover-notebook-i-am-not-a-plastic-for-sustainable-work-or-study\/","title":{"rendered":"Gro\u00dfhandel Custom Eco-Friendly A5 Hardcover Notebook - \"I AM NOT A PLASTIC\" f\u00fcr nachhaltige Arbeit oder Studium"},"content":{"rendered":"","protected":false},"excerpt":{"rendered":"<p>Setzen Sie ein Zeichen mit diesem umweltfreundlichen A5-Hardcover-Notizbuch mit der Aufschrift \"I AM NOT A PLASTIC\". Der blaue Einband aus umweltbewussten Materialien symbolisiert Nachhaltigkeit und der wei\u00dfe Gummibandverschluss h\u00e4lt Ihre Notizen sicher. Dieses Notizbuch eignet sich perfekt f\u00fcr die Arbeit, die Schule oder f\u00fcr pers\u00f6nliche Notizen und ist ideal f\u00fcr alle, die Plastikm\u00fcll reduzieren und gleichzeitig organisiert bleiben wollen.<\/p>","protected":false},"featured_media":33322,"template":"","meta":[],"product_brand":[],"product_cat":[683,387,494,667],"product_tag":[],"class_list":{"0":"post-33338","1":"product","2":"type-product","3":"status-publish","4":"has-post-thumbnail","6":"product_cat-eco-friendly-collection","7":"product_cat-notebooks-journals","8":"product_cat-composition-notebook","9":"product_cat-hardcover-notebook","11":"first","12":"instock","13":"shipping-taxable","14":"product-type-simple"},"_links":{"self":[{"href":"http:\/\/shinyyoustationery.com\/de\/wp-json\/wp\/v2\/product\/33338","targetHints":{"allow":["GET"]}}],"collection":[{"href":"http:\/\/shinyyoustationery.com\/de\/wp-json\/wp\/v2\/product"}],"about":[{"href":"http:\/\/shinyyoustationery.com\/de\/wp-json\/wp\/v2\/types\/product"}],"version-history":[{"count":0,"href":"http:\/\/shinyyoustationery.com\/de\/wp-json\/wp\/v2\/product\/33338\/revisions"}],"wp:featuredmedia":[{"embeddable":true,"href":"http:\/\/shinyyoustationery.com\/de\/wp-json\/wp\/v2\/media\/33322"}],"wp:attachment":[{"href":"http:\/\/shinyyoustationery.com\/de\/wp-json\/wp\/v2\/media?parent=33338"}],"wp:term":[{"taxonomy":"product_brand","embeddable":true,"href":"http:\/\/shinyyoustationery.com\/de\/wp-json\/wp\/v2\/product_brand?post=33338"},{"taxonomy":"product_cat","embeddable":true,"href":"http:\/\/shinyyoustationery.com\/de\/wp-json\/wp\/v2\/product_cat?post=33338"},{"taxonomy":"product_tag","embeddable":true,"href":"http:\/\/shinyyoustationery.com\/de\/wp-json\/wp\/v2\/product_tag?post=33338"}],"curies":[{"name":"wp","href":"https:\/\/api.w.org\/{rel}","templated":true}]}}