{"id":33340,"date":"2025-06-24T01:30:57","date_gmt":"2025-06-24T09:30:57","guid":{"rendered":"http:\/\/45.63.70.205\/?post_type=product&#038;p=33340"},"modified":"2025-06-24T01:38:47","modified_gmt":"2025-06-24T09:38:47","slug":"wholesale-custom-eco-friendly-a5-softcover-notebook-blue-with-speech-bubbles-for-school-or-office","status":"publish","type":"product","link":"http:\/\/shinyyoustationery.com\/de\/wholesale-custom-eco-friendly-a5-softcover-notebook-blue-with-speech-bubbles-for-school-or-office\/","title":{"rendered":"Gro\u00dfhandel benutzerdefinierte umweltfreundliche A5 Softcover Notebook blau mit Sprechblasen f\u00fcr Schule oder B\u00fcro"},"content":{"rendered":"","protected":false},"excerpt":{"rendered":"<p>Mit diesem A5-Notizbuch mit Softcover, das mit lebhaften Sprechblasenmotiven in Braun auf einem satten blauen Hintergrund gestaltet ist, verleihen Sie Ihrem Schreiben eine spielerische Note. Dieses Notizbuch eignet sich perfekt f\u00fcr Tageb\u00fccher, Notizen oder Brainstorming-Ideen und bietet viel Platz f\u00fcr Ihre Gedanken. Das einzigartige Design verleiht ihm Charakter und macht es zu einem witzigen und funktionalen Accessoire f\u00fcr Studenten, Berufst\u00e4tige und alle, die gerne kreativ schreiben.<\/p>","protected":false},"featured_media":33324,"template":"","meta":[],"product_brand":[],"product_cat":[387,494,667,683],"product_tag":[],"class_list":{"0":"post-33340","1":"product","2":"type-product","3":"status-publish","4":"has-post-thumbnail","6":"product_cat-notebooks-journals","7":"product_cat-composition-notebook","8":"product_cat-hardcover-notebook","9":"product_cat-eco-friendly-collection","11":"first","12":"instock","13":"shipping-taxable","14":"product-type-simple"},"_links":{"self":[{"href":"http:\/\/shinyyoustationery.com\/de\/wp-json\/wp\/v2\/product\/33340","targetHints":{"allow":["GET"]}}],"collection":[{"href":"http:\/\/shinyyoustationery.com\/de\/wp-json\/wp\/v2\/product"}],"about":[{"href":"http:\/\/shinyyoustationery.com\/de\/wp-json\/wp\/v2\/types\/product"}],"version-history":[{"count":0,"href":"http:\/\/shinyyoustationery.com\/de\/wp-json\/wp\/v2\/product\/33340\/revisions"}],"wp:featuredmedia":[{"embeddable":true,"href":"http:\/\/shinyyoustationery.com\/de\/wp-json\/wp\/v2\/media\/33324"}],"wp:attachment":[{"href":"http:\/\/shinyyoustationery.com\/de\/wp-json\/wp\/v2\/media?parent=33340"}],"wp:term":[{"taxonomy":"product_brand","embeddable":true,"href":"http:\/\/shinyyoustationery.com\/de\/wp-json\/wp\/v2\/product_brand?post=33340"},{"taxonomy":"product_cat","embeddable":true,"href":"http:\/\/shinyyoustationery.com\/de\/wp-json\/wp\/v2\/product_cat?post=33340"},{"taxonomy":"product_tag","embeddable":true,"href":"http:\/\/shinyyoustationery.com\/de\/wp-json\/wp\/v2\/product_tag?post=33340"}],"curies":[{"name":"wp","href":"https:\/\/api.w.org\/{rel}","templated":true}]}}