{"id":33344,"date":"2025-06-24T01:40:50","date_gmt":"2025-06-24T09:40:50","guid":{"rendered":"http:\/\/45.63.70.205\/?post_type=product&#038;p=33344"},"modified":"2025-06-24T01:43:27","modified_gmt":"2025-06-24T09:43:27","slug":"wholesale-custom-a5-cork-hardcover-notebook-nature-inspired-design-for-eco-friendly-journaling","status":"publish","type":"product","link":"http:\/\/shinyyoustationery.com\/de\/wholesale-custom-a5-cork-hardcover-notebook-nature-inspired-design-for-eco-friendly-journaling\/","title":{"rendered":"Gro\u00dfhandel benutzerdefinierte A5 Kork Hardcover Notebook Natur-inspirierte Design f\u00fcr umweltfreundliche Journaling"},"content":{"rendered":"","protected":false},"excerpt":{"rendered":"<p>Dieses A5 Hardcover-Notizbuch aus Kork zeichnet sich durch ein elegantes, von der Natur inspiriertes Design mit zarten wei\u00dfen Illustrationen von Blumen und Libellen auf einem satten Korkhintergrund aus. Perfekt f\u00fcr umweltbewusste Menschen, bietet es eine nachhaltige und stilvolle M\u00f6glichkeit, Ihre Gedanken, Ideen oder Notizen festzuhalten. Egal, ob Sie ein Tagebuch schreiben, skizzieren oder organisieren, dieses einzigartige Notizbuch bringt einen Hauch von Natur in Ihre Arbeit oder Ihre pers\u00f6nlichen Projekte.<\/p>","protected":false},"featured_media":33328,"template":"","meta":[],"product_brand":[],"product_cat":[387,494,667,683],"product_tag":[],"class_list":{"0":"post-33344","1":"product","2":"type-product","3":"status-publish","4":"has-post-thumbnail","6":"product_cat-notebooks-journals","7":"product_cat-composition-notebook","8":"product_cat-hardcover-notebook","9":"product_cat-eco-friendly-collection","11":"first","12":"instock","13":"shipping-taxable","14":"product-type-simple"},"_links":{"self":[{"href":"http:\/\/shinyyoustationery.com\/de\/wp-json\/wp\/v2\/product\/33344","targetHints":{"allow":["GET"]}}],"collection":[{"href":"http:\/\/shinyyoustationery.com\/de\/wp-json\/wp\/v2\/product"}],"about":[{"href":"http:\/\/shinyyoustationery.com\/de\/wp-json\/wp\/v2\/types\/product"}],"version-history":[{"count":0,"href":"http:\/\/shinyyoustationery.com\/de\/wp-json\/wp\/v2\/product\/33344\/revisions"}],"wp:featuredmedia":[{"embeddable":true,"href":"http:\/\/shinyyoustationery.com\/de\/wp-json\/wp\/v2\/media\/33328"}],"wp:attachment":[{"href":"http:\/\/shinyyoustationery.com\/de\/wp-json\/wp\/v2\/media?parent=33344"}],"wp:term":[{"taxonomy":"product_brand","embeddable":true,"href":"http:\/\/shinyyoustationery.com\/de\/wp-json\/wp\/v2\/product_brand?post=33344"},{"taxonomy":"product_cat","embeddable":true,"href":"http:\/\/shinyyoustationery.com\/de\/wp-json\/wp\/v2\/product_cat?post=33344"},{"taxonomy":"product_tag","embeddable":true,"href":"http:\/\/shinyyoustationery.com\/de\/wp-json\/wp\/v2\/product_tag?post=33344"}],"curies":[{"name":"wp","href":"https:\/\/api.w.org\/{rel}","templated":true}]}}