{"id":33350,"date":"2025-06-24T02:17:11","date_gmt":"2025-06-24T10:17:11","guid":{"rendered":"http:\/\/45.63.70.205\/?post_type=product&#038;p=33350"},"modified":"2025-06-24T02:29:11","modified_gmt":"2025-06-24T10:29:11","slug":"wholesale-custom-a5-pu-hardcover-notebook-elegant-wheat-with-strap-closure-for-office-school","status":"publish","type":"product","link":"http:\/\/shinyyoustationery.com\/de\/wholesale-custom-a5-pu-hardcover-notebook-elegant-wheat-with-strap-closure-for-office-school\/","title":{"rendered":"Gro\u00dfhandel benutzerdefinierte A5 PU Hardcover Notebook Elegant Weizen mit Riemenverschluss f\u00fcr B\u00fcro &amp; Schule"},"content":{"rendered":"","protected":false},"excerpt":{"rendered":"<p>Dieses A5-PU-Notizbuch mit festem Einband hat ein wundersch\u00f6nes Weizenst\u00e4ngel-Design, einen weichen beigen Einband und einen praktischen Riemenverschluss f\u00fcr zus\u00e4tzliche Sicherheit. Der elegante Look macht es perfekt f\u00fcr Berufst\u00e4tige, Studenten und alle, die gerne anspruchsvoll schreiben. Egal, ob Sie es f\u00fcr die Arbeit, zum Lernen oder f\u00fcr Ihr pers\u00f6nliches Tagebuch verwenden, dieses robuste Notizbuch bietet den idealen Platz f\u00fcr Ihre Gedanken, Notizen und kreativen Ideen.<\/p>","protected":false},"featured_media":33336,"template":"","meta":[],"product_brand":[],"product_cat":[387,494,667,683],"product_tag":[],"class_list":{"0":"post-33350","1":"product","2":"type-product","3":"status-publish","4":"has-post-thumbnail","6":"product_cat-notebooks-journals","7":"product_cat-composition-notebook","8":"product_cat-hardcover-notebook","9":"product_cat-eco-friendly-collection","11":"first","12":"instock","13":"shipping-taxable","14":"product-type-simple"},"_links":{"self":[{"href":"http:\/\/shinyyoustationery.com\/de\/wp-json\/wp\/v2\/product\/33350","targetHints":{"allow":["GET"]}}],"collection":[{"href":"http:\/\/shinyyoustationery.com\/de\/wp-json\/wp\/v2\/product"}],"about":[{"href":"http:\/\/shinyyoustationery.com\/de\/wp-json\/wp\/v2\/types\/product"}],"version-history":[{"count":0,"href":"http:\/\/shinyyoustationery.com\/de\/wp-json\/wp\/v2\/product\/33350\/revisions"}],"wp:featuredmedia":[{"embeddable":true,"href":"http:\/\/shinyyoustationery.com\/de\/wp-json\/wp\/v2\/media\/33336"}],"wp:attachment":[{"href":"http:\/\/shinyyoustationery.com\/de\/wp-json\/wp\/v2\/media?parent=33350"}],"wp:term":[{"taxonomy":"product_brand","embeddable":true,"href":"http:\/\/shinyyoustationery.com\/de\/wp-json\/wp\/v2\/product_brand?post=33350"},{"taxonomy":"product_cat","embeddable":true,"href":"http:\/\/shinyyoustationery.com\/de\/wp-json\/wp\/v2\/product_cat?post=33350"},{"taxonomy":"product_tag","embeddable":true,"href":"http:\/\/shinyyoustationery.com\/de\/wp-json\/wp\/v2\/product_tag?post=33350"}],"curies":[{"name":"wp","href":"https:\/\/api.w.org\/{rel}","templated":true}]}}