{"id":33374,"date":"2025-06-24T03:39:46","date_gmt":"2025-06-24T11:39:46","guid":{"rendered":"http:\/\/45.63.70.205\/?post_type=product&#038;p=33374"},"modified":"2025-06-24T03:39:46","modified_gmt":"2025-06-24T11:39:46","slug":"mogu-monster-coin-purse-cute-and-colorful-character-accessory","status":"publish","type":"product","link":"http:\/\/shinyyoustationery.com\/de\/mogu-monster-coin-purse-cute-and-colorful-character-accessory\/","title":{"rendered":"\"Mogu\" Monster Geldb\u00f6rse - Niedliches und buntes Charakter Accessoire"},"content":{"rendered":"","protected":false},"excerpt":{"rendered":"<p>Darf ich vorstellen: \"Mogu\" - dein freundliches kleines blaues Monster! Diese lustige und schrullige Geldb\u00f6rse zeigt das verspielte Gesicht von Mogu mit leuchtend rosa Ohren und einem breiten L\u00e4cheln. Dieses kompakte und robuste Accessoire eignet sich perfekt f\u00fcr M\u00fcnzen, Schl\u00fcssel oder andere kleine Gegenst\u00e4nde und ist ideal f\u00fcr Kinder und alle, die niedliche und einzigartige Figuren lieben. Nimm Mogu mit, wohin du gehst, und bringe einen Hauch von Spa\u00df in deinen Tag!<\/p>","protected":false},"featured_media":33375,"template":"","meta":[],"product_brand":[],"product_cat":[383],"product_tag":[],"class_list":{"0":"post-33374","1":"product","2":"type-product","3":"status-publish","4":"has-post-thumbnail","6":"product_cat-licensed-stationery-supplier","8":"first","9":"instock","10":"shipping-taxable","11":"product-type-simple"},"_links":{"self":[{"href":"http:\/\/shinyyoustationery.com\/de\/wp-json\/wp\/v2\/product\/33374","targetHints":{"allow":["GET"]}}],"collection":[{"href":"http:\/\/shinyyoustationery.com\/de\/wp-json\/wp\/v2\/product"}],"about":[{"href":"http:\/\/shinyyoustationery.com\/de\/wp-json\/wp\/v2\/types\/product"}],"version-history":[{"count":0,"href":"http:\/\/shinyyoustationery.com\/de\/wp-json\/wp\/v2\/product\/33374\/revisions"}],"wp:featuredmedia":[{"embeddable":true,"href":"http:\/\/shinyyoustationery.com\/de\/wp-json\/wp\/v2\/media\/33375"}],"wp:attachment":[{"href":"http:\/\/shinyyoustationery.com\/de\/wp-json\/wp\/v2\/media?parent=33374"}],"wp:term":[{"taxonomy":"product_brand","embeddable":true,"href":"http:\/\/shinyyoustationery.com\/de\/wp-json\/wp\/v2\/product_brand?post=33374"},{"taxonomy":"product_cat","embeddable":true,"href":"http:\/\/shinyyoustationery.com\/de\/wp-json\/wp\/v2\/product_cat?post=33374"},{"taxonomy":"product_tag","embeddable":true,"href":"http:\/\/shinyyoustationery.com\/de\/wp-json\/wp\/v2\/product_tag?post=33374"}],"curies":[{"name":"wp","href":"https:\/\/api.w.org\/{rel}","templated":true}]}}