{"id":33388,"date":"2025-06-24T03:51:34","date_gmt":"2025-06-24T11:51:34","guid":{"rendered":"http:\/\/45.63.70.205\/?post_type=product&#038;p=33388"},"modified":"2025-06-24T03:54:32","modified_gmt":"2025-06-24T11:54:32","slug":"minnie-mouse-unicorn-art-set-coloring-stickers-and-markers-for-creative-play","status":"publish","type":"product","link":"http:\/\/shinyyoustationery.com\/de\/minnie-mouse-unicorn-art-set-coloring-stickers-and-markers-for-creative-play\/","title":{"rendered":"Minnie Mouse Einhorn-Kunst-Set - F\u00e4rbung, Aufkleber und Marker f\u00fcr kreatives Spielen"},"content":{"rendered":"","protected":false},"excerpt":{"rendered":"<p>Erwecke Magie und Kreativit\u00e4t zum Leben mit diesem Minnie Mouse Einhorn-Kunstset! Mit Minnie Mouse und einem Einhorn auf farbenfrohen Motiven enth\u00e4lt dieses Set alles, was du f\u00fcr eine lustige und k\u00fcnstlerische Zeit brauchst. Mit Malbl\u00e4ttern, leuchtenden Markern und Aufklebern mit Einhornmotiven k\u00f6nnen sich Kinder stundenlang kreativ austoben. Dieses Set ist ideal f\u00fcr die Schule, f\u00fcr zu Hause oder als besonderes Geschenk f\u00fcr Minnie-Maus-Fans. Es eignet sich perfekt, um sch\u00f6ne Designs zu gestalten und jedem Projekt eine pers\u00f6nliche Note zu verleihen.<\/p>","protected":false},"featured_media":33392,"template":"","meta":[],"product_brand":[],"product_cat":[383],"product_tag":[],"class_list":{"0":"post-33388","1":"product","2":"type-product","3":"status-publish","4":"has-post-thumbnail","6":"product_cat-licensed-stationery-supplier","8":"first","9":"instock","10":"shipping-taxable","11":"product-type-simple"},"_links":{"self":[{"href":"http:\/\/shinyyoustationery.com\/de\/wp-json\/wp\/v2\/product\/33388","targetHints":{"allow":["GET"]}}],"collection":[{"href":"http:\/\/shinyyoustationery.com\/de\/wp-json\/wp\/v2\/product"}],"about":[{"href":"http:\/\/shinyyoustationery.com\/de\/wp-json\/wp\/v2\/types\/product"}],"version-history":[{"count":0,"href":"http:\/\/shinyyoustationery.com\/de\/wp-json\/wp\/v2\/product\/33388\/revisions"}],"wp:featuredmedia":[{"embeddable":true,"href":"http:\/\/shinyyoustationery.com\/de\/wp-json\/wp\/v2\/media\/33392"}],"wp:attachment":[{"href":"http:\/\/shinyyoustationery.com\/de\/wp-json\/wp\/v2\/media?parent=33388"}],"wp:term":[{"taxonomy":"product_brand","embeddable":true,"href":"http:\/\/shinyyoustationery.com\/de\/wp-json\/wp\/v2\/product_brand?post=33388"},{"taxonomy":"product_cat","embeddable":true,"href":"http:\/\/shinyyoustationery.com\/de\/wp-json\/wp\/v2\/product_cat?post=33388"},{"taxonomy":"product_tag","embeddable":true,"href":"http:\/\/shinyyoustationery.com\/de\/wp-json\/wp\/v2\/product_tag?post=33388"}],"curies":[{"name":"wp","href":"https:\/\/api.w.org\/{rel}","templated":true}]}}