{"id":33395,"date":"2025-06-24T03:57:40","date_gmt":"2025-06-24T11:57:40","guid":{"rendered":"http:\/\/45.63.70.205\/?post_type=product&#038;p=33395"},"modified":"2025-06-24T03:57:40","modified_gmt":"2025-06-24T11:57:40","slug":"minnie-mouse-coloring-set-8-pages-crayons-and-stickers-for-fun-and-creative-play","status":"publish","type":"product","link":"http:\/\/shinyyoustationery.com\/de\/minnie-mouse-coloring-set-8-pages-crayons-and-stickers-for-fun-and-creative-play\/","title":{"rendered":"Minnie Mouse F\u00e4rbeset - 8 Seiten, Buntstifte und Sticker f\u00fcr Spa\u00df und kreatives Spiel"},"content":{"rendered":"","protected":false},"excerpt":{"rendered":"<p>Mach dich bereit f\u00fcr ein lustiges Malabenteuer mit diesem Minnie Mouse Set! Mit 8 Malvorlagen mit Minnie und ihren Freunden, enth\u00e4lt dieses Set 6 leuchtende Buntstifte und 6 niedliche Aufkleber, um deine Kreationen zu verbessern. Das Set ist perfekt f\u00fcr junge K\u00fcnstler, die Minnie Mouse und ihre stylischen Tupfen lieben. Ob zu Hause, in der Schule oder auf einer kreativen Party, dieses Set erweckt Minnies charmante Welt in leuchtenden Farben zum Leben!<\/p>","protected":false},"featured_media":33396,"template":"","meta":[],"product_brand":[],"product_cat":[383],"product_tag":[],"class_list":{"0":"post-33395","1":"product","2":"type-product","3":"status-publish","4":"has-post-thumbnail","6":"product_cat-licensed-stationery-supplier","8":"first","9":"instock","10":"shipping-taxable","11":"product-type-simple"},"_links":{"self":[{"href":"http:\/\/shinyyoustationery.com\/de\/wp-json\/wp\/v2\/product\/33395","targetHints":{"allow":["GET"]}}],"collection":[{"href":"http:\/\/shinyyoustationery.com\/de\/wp-json\/wp\/v2\/product"}],"about":[{"href":"http:\/\/shinyyoustationery.com\/de\/wp-json\/wp\/v2\/types\/product"}],"version-history":[{"count":0,"href":"http:\/\/shinyyoustationery.com\/de\/wp-json\/wp\/v2\/product\/33395\/revisions"}],"wp:featuredmedia":[{"embeddable":true,"href":"http:\/\/shinyyoustationery.com\/de\/wp-json\/wp\/v2\/media\/33396"}],"wp:attachment":[{"href":"http:\/\/shinyyoustationery.com\/de\/wp-json\/wp\/v2\/media?parent=33395"}],"wp:term":[{"taxonomy":"product_brand","embeddable":true,"href":"http:\/\/shinyyoustationery.com\/de\/wp-json\/wp\/v2\/product_brand?post=33395"},{"taxonomy":"product_cat","embeddable":true,"href":"http:\/\/shinyyoustationery.com\/de\/wp-json\/wp\/v2\/product_cat?post=33395"},{"taxonomy":"product_tag","embeddable":true,"href":"http:\/\/shinyyoustationery.com\/de\/wp-json\/wp\/v2\/product_tag?post=33395"}],"curies":[{"name":"wp","href":"https:\/\/api.w.org\/{rel}","templated":true}]}}