{"id":33398,"date":"2025-06-24T04:00:37","date_gmt":"2025-06-24T12:00:37","guid":{"rendered":"http:\/\/45.63.70.205\/?post_type=product&#038;p=33398"},"modified":"2025-06-24T04:00:37","modified_gmt":"2025-06-24T12:00:37","slug":"minnie-mouse-poster-coloring-set-fun-art-kit-with-crayons-stickers-and-giant-poster","status":"publish","type":"product","link":"http:\/\/shinyyoustationery.com\/de\/minnie-mouse-poster-coloring-set-fun-art-kit-with-crayons-stickers-and-giant-poster\/","title":{"rendered":"Minnie Mouse Poster F\u00e4rbung Set - Spa\u00df Kunst-Kit mit Buntstiften, Aufklebern und riesigen Poster"},"content":{"rendered":"","protected":false},"excerpt":{"rendered":"<p>Lassen Sie Ihrer Kreativit\u00e4t freien Lauf mit diesem Minnie Mouse Poster-Mal-Set! Dieses Set enth\u00e4lt ein riesiges 100\u00d735 cm gro\u00dfes Poster mit Minnie Mouse, 4 leuchtende Buntstifte, tolle Aufkleber und ein Malbuch. Es ist perfekt f\u00fcr junge K\u00fcnstler und bietet eine lustige M\u00f6glichkeit, deinen Raum zu dekorieren und Minnies Welt zum Leben zu erwecken. Dieses Set ist ideal f\u00fcr zu Hause oder die Schule und bietet stundenlange Unterhaltung, w\u00e4hrend es die Feinmotorik durch Ausmalen und Kreativit\u00e4t f\u00f6rdert.<\/p>","protected":false},"featured_media":33400,"template":"","meta":[],"product_brand":[],"product_cat":[383],"product_tag":[],"class_list":{"0":"post-33398","1":"product","2":"type-product","3":"status-publish","4":"has-post-thumbnail","6":"product_cat-licensed-stationery-supplier","8":"first","9":"instock","10":"shipping-taxable","11":"product-type-simple"},"_links":{"self":[{"href":"http:\/\/shinyyoustationery.com\/de\/wp-json\/wp\/v2\/product\/33398","targetHints":{"allow":["GET"]}}],"collection":[{"href":"http:\/\/shinyyoustationery.com\/de\/wp-json\/wp\/v2\/product"}],"about":[{"href":"http:\/\/shinyyoustationery.com\/de\/wp-json\/wp\/v2\/types\/product"}],"version-history":[{"count":0,"href":"http:\/\/shinyyoustationery.com\/de\/wp-json\/wp\/v2\/product\/33398\/revisions"}],"wp:featuredmedia":[{"embeddable":true,"href":"http:\/\/shinyyoustationery.com\/de\/wp-json\/wp\/v2\/media\/33400"}],"wp:attachment":[{"href":"http:\/\/shinyyoustationery.com\/de\/wp-json\/wp\/v2\/media?parent=33398"}],"wp:term":[{"taxonomy":"product_brand","embeddable":true,"href":"http:\/\/shinyyoustationery.com\/de\/wp-json\/wp\/v2\/product_brand?post=33398"},{"taxonomy":"product_cat","embeddable":true,"href":"http:\/\/shinyyoustationery.com\/de\/wp-json\/wp\/v2\/product_cat?post=33398"},{"taxonomy":"product_tag","embeddable":true,"href":"http:\/\/shinyyoustationery.com\/de\/wp-json\/wp\/v2\/product_tag?post=33398"}],"curies":[{"name":"wp","href":"https:\/\/api.w.org\/{rel}","templated":true}]}}