{"id":33402,"date":"2025-06-24T04:03:14","date_gmt":"2025-06-24T12:03:14","guid":{"rendered":"http:\/\/45.63.70.205\/?post_type=product&#038;p=33402"},"modified":"2025-06-24T04:03:14","modified_gmt":"2025-06-24T12:03:14","slug":"mike-wazowski-coin-purse-keychain-fun-green-monster-design-for-keys-coins-and-accessories","status":"publish","type":"product","link":"http:\/\/shinyyoustationery.com\/de\/mike-wazowski-coin-purse-keychain-fun-green-monster-design-for-keys-coins-and-accessories\/","title":{"rendered":"Mike Wazowski Coin Purse Keychain - Fun Green Monster Design f\u00fcr Schl\u00fcssel, M\u00fcnzen und Accessoires"},"content":{"rendered":"","protected":false},"excerpt":{"rendered":"<p>Mit diesem Mike Wazowski M\u00fcnzbeutel-Schl\u00fcsselanh\u00e4nger hast du alles N\u00f6tige immer griffbereit! Dieses leuchtend gr\u00fcne Portemonnaie mit Mikes kultigem Auge und dem breiten Grinsen ist perfekt f\u00fcr die Aufbewahrung von M\u00fcnzen, kleinen Gegenst\u00e4nden oder Schl\u00fcsseln. Das gr\u00fcne Band mit dem Schriftzug \"LUCKY\" sorgt f\u00fcr zus\u00e4tzlichen Charme und macht es zu einem lustigen und praktischen Accessoire f\u00fcr Ihre Tasche oder Ihren Rucksack. Ideal f\u00fcr Disney-Fans oder alle, die einen verspielten, funktionalen Schl\u00fcsselanh\u00e4nger suchen.<\/p>","protected":false},"featured_media":33403,"template":"","meta":[],"product_brand":[],"product_cat":[383],"product_tag":[],"class_list":{"0":"post-33402","1":"product","2":"type-product","3":"status-publish","4":"has-post-thumbnail","6":"product_cat-licensed-stationery-supplier","8":"first","9":"instock","10":"shipping-taxable","11":"product-type-simple"},"_links":{"self":[{"href":"http:\/\/shinyyoustationery.com\/de\/wp-json\/wp\/v2\/product\/33402","targetHints":{"allow":["GET"]}}],"collection":[{"href":"http:\/\/shinyyoustationery.com\/de\/wp-json\/wp\/v2\/product"}],"about":[{"href":"http:\/\/shinyyoustationery.com\/de\/wp-json\/wp\/v2\/types\/product"}],"version-history":[{"count":0,"href":"http:\/\/shinyyoustationery.com\/de\/wp-json\/wp\/v2\/product\/33402\/revisions"}],"wp:featuredmedia":[{"embeddable":true,"href":"http:\/\/shinyyoustationery.com\/de\/wp-json\/wp\/v2\/media\/33403"}],"wp:attachment":[{"href":"http:\/\/shinyyoustationery.com\/de\/wp-json\/wp\/v2\/media?parent=33402"}],"wp:term":[{"taxonomy":"product_brand","embeddable":true,"href":"http:\/\/shinyyoustationery.com\/de\/wp-json\/wp\/v2\/product_brand?post=33402"},{"taxonomy":"product_cat","embeddable":true,"href":"http:\/\/shinyyoustationery.com\/de\/wp-json\/wp\/v2\/product_cat?post=33402"},{"taxonomy":"product_tag","embeddable":true,"href":"http:\/\/shinyyoustationery.com\/de\/wp-json\/wp\/v2\/product_tag?post=33402"}],"curies":[{"name":"wp","href":"https:\/\/api.w.org\/{rel}","templated":true}]}}