{"id":33419,"date":"2025-06-24T18:45:03","date_gmt":"2025-06-25T02:45:03","guid":{"rendered":"http:\/\/45.63.70.205\/?post_type=product&#038;p=33419"},"modified":"2025-06-24T18:45:03","modified_gmt":"2025-06-25T02:45:03","slug":"dreamworks-trolls-party-all-stars-activity-book-with-markers-stencils-stickers","status":"publish","type":"product","link":"http:\/\/shinyyoustationery.com\/de\/dreamworks-trolls-party-all-stars-activity-book-with-markers-stencils-stickers\/","title":{"rendered":"DreamWorks Trolls Party All-Stars Activity Book mit Markern, Schablonen und Aufklebern"},"content":{"rendered":"","protected":false},"excerpt":{"rendered":"<p>Werden Sie kreativ mit dem <strong data-start=\"195\" data-end=\"246\">DreamWorks Trolls Party All-Stars Activity Buch<\/strong>! Dieses 75-seitige Aktivit\u00e4tsbuch strotzt nur so vor Farbe und Spa\u00df und zeigt deine Lieblingscharaktere aus dem DreamWorks-Universum von Trolls. Es enth\u00e4lt 3 stapelbare Marker, verspielte Schablonen und ein Blatt mit Aufklebern, um deine Kreationen zu personalisieren. Dieses Buch ist perfekt f\u00fcr junge K\u00fcnstler und Trolls-Fans und bietet stundenlange Unterhaltung zu Hause oder unterwegs. Die Trolls-Party kann beginnen - f\u00e4rbe, gestalte und feiere mit jeder Seite!<\/p>","protected":false},"featured_media":33421,"template":"","meta":[],"product_brand":[],"product_cat":[383],"product_tag":[],"class_list":{"0":"post-33419","1":"product","2":"type-product","3":"status-publish","4":"has-post-thumbnail","6":"product_cat-licensed-stationery-supplier","8":"first","9":"instock","10":"shipping-taxable","11":"product-type-simple"},"_links":{"self":[{"href":"http:\/\/shinyyoustationery.com\/de\/wp-json\/wp\/v2\/product\/33419","targetHints":{"allow":["GET"]}}],"collection":[{"href":"http:\/\/shinyyoustationery.com\/de\/wp-json\/wp\/v2\/product"}],"about":[{"href":"http:\/\/shinyyoustationery.com\/de\/wp-json\/wp\/v2\/types\/product"}],"version-history":[{"count":0,"href":"http:\/\/shinyyoustationery.com\/de\/wp-json\/wp\/v2\/product\/33419\/revisions"}],"wp:featuredmedia":[{"embeddable":true,"href":"http:\/\/shinyyoustationery.com\/de\/wp-json\/wp\/v2\/media\/33421"}],"wp:attachment":[{"href":"http:\/\/shinyyoustationery.com\/de\/wp-json\/wp\/v2\/media?parent=33419"}],"wp:term":[{"taxonomy":"product_brand","embeddable":true,"href":"http:\/\/shinyyoustationery.com\/de\/wp-json\/wp\/v2\/product_brand?post=33419"},{"taxonomy":"product_cat","embeddable":true,"href":"http:\/\/shinyyoustationery.com\/de\/wp-json\/wp\/v2\/product_cat?post=33419"},{"taxonomy":"product_tag","embeddable":true,"href":"http:\/\/shinyyoustationery.com\/de\/wp-json\/wp\/v2\/product_tag?post=33419"}],"curies":[{"name":"wp","href":"https:\/\/api.w.org\/{rel}","templated":true}]}}