{"id":33434,"date":"2025-06-24T19:20:48","date_gmt":"2025-06-25T03:20:48","guid":{"rendered":"http:\/\/45.63.70.205\/?post_type=product&#038;p=33434"},"modified":"2025-06-24T19:24:18","modified_gmt":"2025-06-25T03:24:18","slug":"my-little-pony-pencil-eraser-topper-set-3-pencils-with-character-toppers","status":"publish","type":"product","link":"http:\/\/shinyyoustationery.com\/de\/my-little-pony-pencil-eraser-topper-set-3-pencils-with-character-toppers\/","title":{"rendered":"My Little Pony Bleistift &amp; Radiergummi Topper Set - 3 Bleistifte mit Charakter Toppern"},"content":{"rendered":"","protected":false},"excerpt":{"rendered":"<p>Verleihe deinen Schreibwaren einen magischen Touch mit diesem My Little Pony Bleistift &amp; Radiergummi Topper Set! Mit den farbenfrohen Bleistiften mit Radiergummi-Aufs\u00e4tzen von Rainbow Dash, Twilight Sparkle und Pinkie Pie ist dieses Set perfekt f\u00fcr junge Fans der Serie. Diese lustigen und farbenfrohen Bleistifte sind ideal f\u00fcr die Schule oder kreative Projekte und machen das Schreiben und Radieren zu etwas ganz Besonderem!<\/p>","protected":false},"featured_media":33435,"template":"","meta":[],"product_brand":[],"product_cat":[383],"product_tag":[],"class_list":{"0":"post-33434","1":"product","2":"type-product","3":"status-publish","4":"has-post-thumbnail","6":"product_cat-licensed-stationery-supplier","8":"first","9":"instock","10":"shipping-taxable","11":"product-type-simple"},"_links":{"self":[{"href":"http:\/\/shinyyoustationery.com\/de\/wp-json\/wp\/v2\/product\/33434","targetHints":{"allow":["GET"]}}],"collection":[{"href":"http:\/\/shinyyoustationery.com\/de\/wp-json\/wp\/v2\/product"}],"about":[{"href":"http:\/\/shinyyoustationery.com\/de\/wp-json\/wp\/v2\/types\/product"}],"version-history":[{"count":0,"href":"http:\/\/shinyyoustationery.com\/de\/wp-json\/wp\/v2\/product\/33434\/revisions"}],"wp:featuredmedia":[{"embeddable":true,"href":"http:\/\/shinyyoustationery.com\/de\/wp-json\/wp\/v2\/media\/33435"}],"wp:attachment":[{"href":"http:\/\/shinyyoustationery.com\/de\/wp-json\/wp\/v2\/media?parent=33434"}],"wp:term":[{"taxonomy":"product_brand","embeddable":true,"href":"http:\/\/shinyyoustationery.com\/de\/wp-json\/wp\/v2\/product_brand?post=33434"},{"taxonomy":"product_cat","embeddable":true,"href":"http:\/\/shinyyoustationery.com\/de\/wp-json\/wp\/v2\/product_cat?post=33434"},{"taxonomy":"product_tag","embeddable":true,"href":"http:\/\/shinyyoustationery.com\/de\/wp-json\/wp\/v2\/product_tag?post=33434"}],"curies":[{"name":"wp","href":"https:\/\/api.w.org\/{rel}","templated":true}]}}