{"id":33456,"date":"2025-06-24T21:18:00","date_gmt":"2025-06-25T05:18:00","guid":{"rendered":"http:\/\/45.63.70.205\/?post_type=product&#038;p=33456"},"modified":"2025-06-24T21:18:00","modified_gmt":"2025-06-25T05:18:00","slug":"my-little-pony-pinkie-pie-scented-coloring-set-rainbow-pouch-with-stickers-accessories","status":"publish","type":"product","link":"http:\/\/shinyyoustationery.com\/de\/my-little-pony-pinkie-pie-scented-coloring-set-rainbow-pouch-with-stickers-accessories\/","title":{"rendered":"My Little Pony Pinkie Pie Scented Coloring Set - Regenbogentasche mit Aufklebern &amp; Zubeh\u00f6r"},"content":{"rendered":"","protected":false},"excerpt":{"rendered":"<p>Wecke die Kreativit\u00e4t mit dem My Little Pony Pinkie Pie Scented Coloring Set! Dieses entz\u00fcckende Set wird in einem rosa, regenbogenfarbenen Beutel mit Pinkie Pie geliefert. Es enth\u00e4lt duftende Malvorlagen, lustige Sticker und einen \"Sniff me\"-Anh\u00e4nger f\u00fcr zus\u00e4tzliche Spannung. Perfekt f\u00fcr Fans von Pinkie Pie, ist es ideal f\u00fcr junge K\u00fcnstler, die leuchtende Farben und magischen Spa\u00df lieben!<\/p>","protected":false},"featured_media":33457,"template":"","meta":[],"product_brand":[],"product_cat":[383],"product_tag":[],"class_list":{"0":"post-33456","1":"product","2":"type-product","3":"status-publish","4":"has-post-thumbnail","6":"product_cat-licensed-stationery-supplier","8":"first","9":"instock","10":"shipping-taxable","11":"product-type-simple"},"_links":{"self":[{"href":"http:\/\/shinyyoustationery.com\/de\/wp-json\/wp\/v2\/product\/33456","targetHints":{"allow":["GET"]}}],"collection":[{"href":"http:\/\/shinyyoustationery.com\/de\/wp-json\/wp\/v2\/product"}],"about":[{"href":"http:\/\/shinyyoustationery.com\/de\/wp-json\/wp\/v2\/types\/product"}],"version-history":[{"count":0,"href":"http:\/\/shinyyoustationery.com\/de\/wp-json\/wp\/v2\/product\/33456\/revisions"}],"wp:featuredmedia":[{"embeddable":true,"href":"http:\/\/shinyyoustationery.com\/de\/wp-json\/wp\/v2\/media\/33457"}],"wp:attachment":[{"href":"http:\/\/shinyyoustationery.com\/de\/wp-json\/wp\/v2\/media?parent=33456"}],"wp:term":[{"taxonomy":"product_brand","embeddable":true,"href":"http:\/\/shinyyoustationery.com\/de\/wp-json\/wp\/v2\/product_brand?post=33456"},{"taxonomy":"product_cat","embeddable":true,"href":"http:\/\/shinyyoustationery.com\/de\/wp-json\/wp\/v2\/product_cat?post=33456"},{"taxonomy":"product_tag","embeddable":true,"href":"http:\/\/shinyyoustationery.com\/de\/wp-json\/wp\/v2\/product_tag?post=33456"}],"curies":[{"name":"wp","href":"https:\/\/api.w.org\/{rel}","templated":true}]}}