{"id":33463,"date":"2025-06-24T21:40:31","date_gmt":"2025-06-25T05:40:31","guid":{"rendered":"http:\/\/45.63.70.205\/?post_type=product&#038;p=33463"},"modified":"2025-06-24T21:40:31","modified_gmt":"2025-06-25T05:40:31","slug":"my-little-pony-pinkie-pie-rainbow-activity-set-stickers-rainbow-pen-and-glitter-sketchbook","status":"publish","type":"product","link":"http:\/\/shinyyoustationery.com\/de\/my-little-pony-pinkie-pie-rainbow-activity-set-stickers-rainbow-pen-and-glitter-sketchbook\/","title":{"rendered":"My Little Pony Pinkie Pie Rainbow Activity Set - Aufkleber, Regenbogen Stift und Glitter Sketchbook"},"content":{"rendered":"","protected":false},"excerpt":{"rendered":"<p>Entfessle deine Kreativit\u00e4t mit dem My Little Pony Pinkie Pie Rainbow Activity Set! Dieses lustige Set enth\u00e4lt ein glitzerndes Skizzenbuch in Form eines Regenbogens, einen stapelbaren Stift in Pastellfarben und bunte Pinkie Pie Aufkleber. Perfekt f\u00fcr junge K\u00fcnstler, die My Little Pony lieben, ist es ideal zum Zeichnen, F\u00e4rben und Dekorieren mit einem magischen, bunten Touch!<\/p>","protected":false},"featured_media":33467,"template":"","meta":[],"product_brand":[],"product_cat":[383],"product_tag":[],"class_list":{"0":"post-33463","1":"product","2":"type-product","3":"status-publish","4":"has-post-thumbnail","6":"product_cat-licensed-stationery-supplier","8":"first","9":"instock","10":"shipping-taxable","11":"product-type-simple"},"_links":{"self":[{"href":"http:\/\/shinyyoustationery.com\/de\/wp-json\/wp\/v2\/product\/33463","targetHints":{"allow":["GET"]}}],"collection":[{"href":"http:\/\/shinyyoustationery.com\/de\/wp-json\/wp\/v2\/product"}],"about":[{"href":"http:\/\/shinyyoustationery.com\/de\/wp-json\/wp\/v2\/types\/product"}],"version-history":[{"count":0,"href":"http:\/\/shinyyoustationery.com\/de\/wp-json\/wp\/v2\/product\/33463\/revisions"}],"wp:featuredmedia":[{"embeddable":true,"href":"http:\/\/shinyyoustationery.com\/de\/wp-json\/wp\/v2\/media\/33467"}],"wp:attachment":[{"href":"http:\/\/shinyyoustationery.com\/de\/wp-json\/wp\/v2\/media?parent=33463"}],"wp:term":[{"taxonomy":"product_brand","embeddable":true,"href":"http:\/\/shinyyoustationery.com\/de\/wp-json\/wp\/v2\/product_brand?post=33463"},{"taxonomy":"product_cat","embeddable":true,"href":"http:\/\/shinyyoustationery.com\/de\/wp-json\/wp\/v2\/product_cat?post=33463"},{"taxonomy":"product_tag","embeddable":true,"href":"http:\/\/shinyyoustationery.com\/de\/wp-json\/wp\/v2\/product_tag?post=33463"}],"curies":[{"name":"wp","href":"https:\/\/api.w.org\/{rel}","templated":true}]}}