{"id":33469,"date":"2025-06-24T21:55:20","date_gmt":"2025-06-25T05:55:20","guid":{"rendered":"http:\/\/45.63.70.205\/?post_type=product&#038;p=33469"},"modified":"2025-06-24T21:56:17","modified_gmt":"2025-06-25T05:56:17","slug":"my-little-pony-pinkie-pie-pink-faux-leather-notebook","status":"publish","type":"product","link":"http:\/\/shinyyoustationery.com\/de\/my-little-pony-pinkie-pie-pink-faux-leather-notebook\/","title":{"rendered":"My Little Pony Pinkie Pie Pink Kunstleder Notizbuch"},"content":{"rendered":"","protected":false},"excerpt":{"rendered":"<p>Dieses bezaubernde My Little Pony Pinkie Pie Notizbuch ist das perfekte Accessoire f\u00fcr Fans des kultigen Ponys! Mit seinem entz\u00fcckenden rosa Kunstledereinband und dem goldenen Umriss von Pinkie Pie ist dieses stilvolle Notizbuch ideal f\u00fcr Notizen, Skizzen oder Tagebucheintr\u00e4ge. Sein auff\u00e4lliges Design macht es zu einem tollen Geschenk f\u00fcr alle, die My Little Pony lieben und ihrer Schreibwarensammlung einen Hauch von Magie verleihen wollen!<\/p>","protected":false},"featured_media":33465,"template":"","meta":[],"product_brand":[],"product_cat":[383],"product_tag":[],"class_list":{"0":"post-33469","1":"product","2":"type-product","3":"status-publish","4":"has-post-thumbnail","6":"product_cat-licensed-stationery-supplier","8":"first","9":"instock","10":"shipping-taxable","11":"product-type-simple"},"_links":{"self":[{"href":"http:\/\/shinyyoustationery.com\/de\/wp-json\/wp\/v2\/product\/33469","targetHints":{"allow":["GET"]}}],"collection":[{"href":"http:\/\/shinyyoustationery.com\/de\/wp-json\/wp\/v2\/product"}],"about":[{"href":"http:\/\/shinyyoustationery.com\/de\/wp-json\/wp\/v2\/types\/product"}],"version-history":[{"count":0,"href":"http:\/\/shinyyoustationery.com\/de\/wp-json\/wp\/v2\/product\/33469\/revisions"}],"wp:featuredmedia":[{"embeddable":true,"href":"http:\/\/shinyyoustationery.com\/de\/wp-json\/wp\/v2\/media\/33465"}],"wp:attachment":[{"href":"http:\/\/shinyyoustationery.com\/de\/wp-json\/wp\/v2\/media?parent=33469"}],"wp:term":[{"taxonomy":"product_brand","embeddable":true,"href":"http:\/\/shinyyoustationery.com\/de\/wp-json\/wp\/v2\/product_brand?post=33469"},{"taxonomy":"product_cat","embeddable":true,"href":"http:\/\/shinyyoustationery.com\/de\/wp-json\/wp\/v2\/product_cat?post=33469"},{"taxonomy":"product_tag","embeddable":true,"href":"http:\/\/shinyyoustationery.com\/de\/wp-json\/wp\/v2\/product_tag?post=33469"}],"curies":[{"name":"wp","href":"https:\/\/api.w.org\/{rel}","templated":true}]}}