{"id":33471,"date":"2025-06-24T22:07:35","date_gmt":"2025-06-25T06:07:35","guid":{"rendered":"http:\/\/45.63.70.205\/?post_type=product&#038;p=33471"},"modified":"2025-06-24T22:07:36","modified_gmt":"2025-06-25T06:07:36","slug":"my-little-pony-unicorn-starry-notebook-mint-green-with-gold-foil","status":"publish","type":"product","link":"http:\/\/shinyyoustationery.com\/de\/my-little-pony-unicorn-starry-notebook-mint-green-with-gold-foil\/","title":{"rendered":"My Little Pony Einhorn Starry Notebook - Mintgr\u00fcn mit Goldfolie"},"content":{"rendered":"","protected":false},"excerpt":{"rendered":"<p>Dieses bezaubernde My Little Pony Einhorn-Notizbuch hat einen weichen mintgr\u00fcnen Einband, der mit einem atemberaubenden Goldfoliendesign eines Einhorns, umgeben von funkelnden Sternen, verziert ist. Dieses magische Notizbuch eignet sich perfekt zum Schreiben, Skizzieren oder f\u00fcr Tagebucheintr\u00e4ge und verleiht jeder kreativen Aufgabe einen Hauch von Wunder. Ideal f\u00fcr Fans von My Little Pony und alle, die skurrile Schreibwaren lieben!<\/p>","protected":false},"featured_media":33473,"template":"","meta":[],"product_brand":[],"product_cat":[383],"product_tag":[],"class_list":{"0":"post-33471","1":"product","2":"type-product","3":"status-publish","4":"has-post-thumbnail","6":"product_cat-licensed-stationery-supplier","8":"first","9":"instock","10":"shipping-taxable","11":"product-type-simple"},"_links":{"self":[{"href":"http:\/\/shinyyoustationery.com\/de\/wp-json\/wp\/v2\/product\/33471","targetHints":{"allow":["GET"]}}],"collection":[{"href":"http:\/\/shinyyoustationery.com\/de\/wp-json\/wp\/v2\/product"}],"about":[{"href":"http:\/\/shinyyoustationery.com\/de\/wp-json\/wp\/v2\/types\/product"}],"version-history":[{"count":0,"href":"http:\/\/shinyyoustationery.com\/de\/wp-json\/wp\/v2\/product\/33471\/revisions"}],"wp:featuredmedia":[{"embeddable":true,"href":"http:\/\/shinyyoustationery.com\/de\/wp-json\/wp\/v2\/media\/33473"}],"wp:attachment":[{"href":"http:\/\/shinyyoustationery.com\/de\/wp-json\/wp\/v2\/media?parent=33471"}],"wp:term":[{"taxonomy":"product_brand","embeddable":true,"href":"http:\/\/shinyyoustationery.com\/de\/wp-json\/wp\/v2\/product_brand?post=33471"},{"taxonomy":"product_cat","embeddable":true,"href":"http:\/\/shinyyoustationery.com\/de\/wp-json\/wp\/v2\/product_cat?post=33471"},{"taxonomy":"product_tag","embeddable":true,"href":"http:\/\/shinyyoustationery.com\/de\/wp-json\/wp\/v2\/product_tag?post=33471"}],"curies":[{"name":"wp","href":"https:\/\/api.w.org\/{rel}","templated":true}]}}