{"id":33514,"date":"2025-06-25T01:13:16","date_gmt":"2025-06-25T09:13:16","guid":{"rendered":"http:\/\/45.63.70.205\/?post_type=product&#038;p=33514"},"modified":"2025-06-25T01:15:35","modified_gmt":"2025-06-25T09:15:35","slug":"wholesale-custom-vibrant-neon-a5-spiral-notebook-for-school-or-office","status":"publish","type":"product","link":"http:\/\/shinyyoustationery.com\/de\/wholesale-custom-vibrant-neon-a5-spiral-notebook-for-school-or-office\/","title":{"rendered":"Gro\u00dfhandel benutzerdefinierte Vibrant Neon A5 Spiral Notebook f\u00fcr Schule oder B\u00fcro"},"content":{"rendered":"","protected":false},"excerpt":{"rendered":"<p>Dieses leuchtende A5-Spiral-Notizbuch hat einen kr\u00e4ftigen schwarzen PP-Einband mit bunten, kreisf\u00f6rmigen Mustern in Neont\u00f6nen wie Gr\u00fcn, Blau und Pink. Die leuchtenden Farben und das moderne Design machen dieses Notizbuch zu einem idealen Begleiter f\u00fcr Kreative, Studenten und alle, die auff\u00e4llige und lebendige Schreibwaren lieben. Perfekt zum Schreiben, Skizzieren oder Organisieren von Notizen mit Stil!<\/p>","protected":false},"featured_media":33516,"template":"","meta":[],"product_brand":[],"product_cat":[699,493],"product_tag":[],"class_list":{"0":"post-33514","1":"product","2":"type-product","3":"status-publish","4":"has-post-thumbnail","6":"product_cat-neon-collection","7":"product_cat-spiral-notebook","9":"first","10":"instock","11":"shipping-taxable","12":"product-type-simple"},"_links":{"self":[{"href":"http:\/\/shinyyoustationery.com\/de\/wp-json\/wp\/v2\/product\/33514","targetHints":{"allow":["GET"]}}],"collection":[{"href":"http:\/\/shinyyoustationery.com\/de\/wp-json\/wp\/v2\/product"}],"about":[{"href":"http:\/\/shinyyoustationery.com\/de\/wp-json\/wp\/v2\/types\/product"}],"version-history":[{"count":0,"href":"http:\/\/shinyyoustationery.com\/de\/wp-json\/wp\/v2\/product\/33514\/revisions"}],"wp:featuredmedia":[{"embeddable":true,"href":"http:\/\/shinyyoustationery.com\/de\/wp-json\/wp\/v2\/media\/33516"}],"wp:attachment":[{"href":"http:\/\/shinyyoustationery.com\/de\/wp-json\/wp\/v2\/media?parent=33514"}],"wp:term":[{"taxonomy":"product_brand","embeddable":true,"href":"http:\/\/shinyyoustationery.com\/de\/wp-json\/wp\/v2\/product_brand?post=33514"},{"taxonomy":"product_cat","embeddable":true,"href":"http:\/\/shinyyoustationery.com\/de\/wp-json\/wp\/v2\/product_cat?post=33514"},{"taxonomy":"product_tag","embeddable":true,"href":"http:\/\/shinyyoustationery.com\/de\/wp-json\/wp\/v2\/product_tag?post=33514"}],"curies":[{"name":"wp","href":"https:\/\/api.w.org\/{rel}","templated":true}]}}