{"id":33522,"date":"2025-06-25T01:49:36","date_gmt":"2025-06-25T09:49:36","guid":{"rendered":"http:\/\/45.63.70.205\/?post_type=product&#038;p=33522"},"modified":"2025-06-25T01:58:46","modified_gmt":"2025-06-25T09:58:46","slug":"wholesale-custom-neon-orange-rubber-bands-for-home-office-school","status":"publish","type":"product","link":"http:\/\/shinyyoustationery.com\/de\/wholesale-custom-neon-orange-rubber-bands-for-home-office-school\/","title":{"rendered":"Gro\u00dfhandel benutzerdefinierte Neon Orange Gummib\u00e4nder f\u00fcr Haus, B\u00fcro &amp; Schule"},"content":{"rendered":"","protected":false},"excerpt":{"rendered":"<p>Diese leuchtend orangefarbenen Gummib\u00e4nder sorgen f\u00fcr Ordnung an Ihrem Arbeits- oder Lernplatz! Diese dehnbaren B\u00e4nder eignen sich perfekt f\u00fcr den Einsatz im B\u00fcro, in der Schule oder zu Hause und sind ideal, um Papiere zu b\u00fcndeln, Material zu organisieren und zu basteln. Das Set wird in einer durchsichtigen Dose mit orangefarbenem Deckel geliefert, damit Sie immer schnellen Zugriff auf diese vielseitigen, allt\u00e4glichen Utensilien haben.<\/p>","protected":false},"featured_media":33524,"template":"","meta":[],"product_brand":[],"product_cat":[699,423],"product_tag":[],"class_list":{"0":"post-33522","1":"product","2":"type-product","3":"status-publish","4":"has-post-thumbnail","6":"product_cat-neon-collection","7":"product_cat-rubber-band","9":"first","10":"instock","11":"shipping-taxable","12":"product-type-simple"},"_links":{"self":[{"href":"http:\/\/shinyyoustationery.com\/de\/wp-json\/wp\/v2\/product\/33522","targetHints":{"allow":["GET"]}}],"collection":[{"href":"http:\/\/shinyyoustationery.com\/de\/wp-json\/wp\/v2\/product"}],"about":[{"href":"http:\/\/shinyyoustationery.com\/de\/wp-json\/wp\/v2\/types\/product"}],"version-history":[{"count":0,"href":"http:\/\/shinyyoustationery.com\/de\/wp-json\/wp\/v2\/product\/33522\/revisions"}],"wp:featuredmedia":[{"embeddable":true,"href":"http:\/\/shinyyoustationery.com\/de\/wp-json\/wp\/v2\/media\/33524"}],"wp:attachment":[{"href":"http:\/\/shinyyoustationery.com\/de\/wp-json\/wp\/v2\/media?parent=33522"}],"wp:term":[{"taxonomy":"product_brand","embeddable":true,"href":"http:\/\/shinyyoustationery.com\/de\/wp-json\/wp\/v2\/product_brand?post=33522"},{"taxonomy":"product_cat","embeddable":true,"href":"http:\/\/shinyyoustationery.com\/de\/wp-json\/wp\/v2\/product_cat?post=33522"},{"taxonomy":"product_tag","embeddable":true,"href":"http:\/\/shinyyoustationery.com\/de\/wp-json\/wp\/v2\/product_tag?post=33522"}],"curies":[{"name":"wp","href":"https:\/\/api.w.org\/{rel}","templated":true}]}}