{"id":33527,"date":"2025-06-25T01:54:03","date_gmt":"2025-06-25T09:54:03","guid":{"rendered":"http:\/\/45.63.70.205\/?post_type=product&#038;p=33527"},"modified":"2025-08-13T04:03:50","modified_gmt":"2025-08-13T12:03:50","slug":"wholesale-custom-neon-orange-document-bag-for-office-or-school","status":"publish","type":"product","link":"http:\/\/shinyyoustationery.com\/de\/wholesale-custom-neon-orange-document-bag-for-office-or-school\/","title":{"rendered":"Gro\u00dfhandel benutzerdefinierte Neon Orange Dokumententasche f\u00fcr B\u00fcro oder Schule"},"content":{"rendered":"","protected":false},"excerpt":{"rendered":"<p>Bewahren Sie Ihre wichtigen Dokumente sicher und stilvoll mit dieser neonorangen Dokumententasche auf. Mit ihrem schlanken, robusten Design und einem sicheren Verschluss ist sie perfekt f\u00fcr die Organisation von Papieren, Notizb\u00fcchern oder Projekten. Ob zu Hause, im B\u00fcro oder in der Schule, diese leuchtende Tasche sch\u00fctzt Ihre Unterlagen und ist gleichzeitig leicht zu transportieren.<\/p>","protected":false},"featured_media":33529,"template":"","meta":[],"product_brand":[],"product_cat":[699,412,438,531,532],"product_tag":[],"class_list":{"0":"post-33527","1":"product","2":"type-product","3":"status-publish","4":"has-post-thumbnail","6":"product_cat-neon-collection","7":"product_cat-document-file-folder","8":"product_cat-document-file-holder","9":"product_cat-document-bag-case","10":"product_cat-briefcase","12":"first","13":"instock","14":"shipping-taxable","15":"product-type-simple"},"_links":{"self":[{"href":"http:\/\/shinyyoustationery.com\/de\/wp-json\/wp\/v2\/product\/33527","targetHints":{"allow":["GET"]}}],"collection":[{"href":"http:\/\/shinyyoustationery.com\/de\/wp-json\/wp\/v2\/product"}],"about":[{"href":"http:\/\/shinyyoustationery.com\/de\/wp-json\/wp\/v2\/types\/product"}],"version-history":[{"count":0,"href":"http:\/\/shinyyoustationery.com\/de\/wp-json\/wp\/v2\/product\/33527\/revisions"}],"wp:featuredmedia":[{"embeddable":true,"href":"http:\/\/shinyyoustationery.com\/de\/wp-json\/wp\/v2\/media\/33529"}],"wp:attachment":[{"href":"http:\/\/shinyyoustationery.com\/de\/wp-json\/wp\/v2\/media?parent=33527"}],"wp:term":[{"taxonomy":"product_brand","embeddable":true,"href":"http:\/\/shinyyoustationery.com\/de\/wp-json\/wp\/v2\/product_brand?post=33527"},{"taxonomy":"product_cat","embeddable":true,"href":"http:\/\/shinyyoustationery.com\/de\/wp-json\/wp\/v2\/product_cat?post=33527"},{"taxonomy":"product_tag","embeddable":true,"href":"http:\/\/shinyyoustationery.com\/de\/wp-json\/wp\/v2\/product_tag?post=33527"}],"curies":[{"name":"wp","href":"https:\/\/api.w.org\/{rel}","templated":true}]}}