{"id":33549,"date":"2025-06-25T02:48:53","date_gmt":"2025-06-25T10:48:53","guid":{"rendered":"http:\/\/45.63.70.205\/?post_type=product&#038;p=33549"},"modified":"2025-07-07T15:20:03","modified_gmt":"2025-07-07T07:20:03","slug":"wholesale-custom-neon-green-and-yellow-zipper-pencil-case-for-school-or-office","status":"publish","type":"product","link":"http:\/\/shinyyoustationery.com\/de\/wholesale-custom-neon-green-and-yellow-zipper-pencil-case-for-school-or-office\/","title":{"rendered":"Gro\u00dfhandel benutzerdefinierte Neon gr\u00fcn und gelb Rei\u00dfverschluss Federtasche f\u00fcr Schule oder B\u00fcro"},"content":{"rendered":"","protected":false},"excerpt":{"rendered":"<p>Aus strapazierf\u00e4higem, transparentem Material gefertigt und mit einem glatten Rei\u00dfverschluss versehen, eignet sie sich perfekt f\u00fcr die Aufbewahrung von Stiften, Bleistiften, Radiergummis und anderen kleinen Schreibwaren. Eine lebendige Erg\u00e4nzung f\u00fcr jede Schul- oder B\u00fcroeinrichtung!<\/p>","protected":false},"featured_media":33551,"template":"","meta":[],"product_brand":[],"product_cat":[520,477,699],"product_tag":[],"class_list":{"0":"post-33549","1":"product","2":"type-product","3":"status-publish","4":"has-post-thumbnail","6":"product_cat-pencil-case-pouch","7":"product_cat-school-bags","8":"product_cat-neon-collection","10":"first","11":"instock","12":"shipping-taxable","13":"product-type-simple"},"_links":{"self":[{"href":"http:\/\/shinyyoustationery.com\/de\/wp-json\/wp\/v2\/product\/33549","targetHints":{"allow":["GET"]}}],"collection":[{"href":"http:\/\/shinyyoustationery.com\/de\/wp-json\/wp\/v2\/product"}],"about":[{"href":"http:\/\/shinyyoustationery.com\/de\/wp-json\/wp\/v2\/types\/product"}],"version-history":[{"count":0,"href":"http:\/\/shinyyoustationery.com\/de\/wp-json\/wp\/v2\/product\/33549\/revisions"}],"wp:featuredmedia":[{"embeddable":true,"href":"http:\/\/shinyyoustationery.com\/de\/wp-json\/wp\/v2\/media\/33551"}],"wp:attachment":[{"href":"http:\/\/shinyyoustationery.com\/de\/wp-json\/wp\/v2\/media?parent=33549"}],"wp:term":[{"taxonomy":"product_brand","embeddable":true,"href":"http:\/\/shinyyoustationery.com\/de\/wp-json\/wp\/v2\/product_brand?post=33549"},{"taxonomy":"product_cat","embeddable":true,"href":"http:\/\/shinyyoustationery.com\/de\/wp-json\/wp\/v2\/product_cat?post=33549"},{"taxonomy":"product_tag","embeddable":true,"href":"http:\/\/shinyyoustationery.com\/de\/wp-json\/wp\/v2\/product_tag?post=33549"}],"curies":[{"name":"wp","href":"https:\/\/api.w.org\/{rel}","templated":true}]}}