{"id":33559,"date":"2025-06-25T03:40:27","date_gmt":"2025-06-25T11:40:27","guid":{"rendered":"http:\/\/45.63.70.205\/?post_type=product&#038;p=33559"},"modified":"2025-07-07T15:19:50","modified_gmt":"2025-07-07T07:19:50","slug":"wholesale-custom-neon-orange-velvet-texture-pencil-case-for-school-office","status":"publish","type":"product","link":"http:\/\/shinyyoustationery.com\/de\/wholesale-custom-neon-orange-velvet-texture-pencil-case-for-school-office\/","title":{"rendered":"Gro\u00dfhandel benutzerdefinierte Neon Orange samt Textur Federtasche f\u00fcr Schule &amp; B\u00fcro"},"content":{"rendered":"","protected":false},"excerpt":{"rendered":"<p>Organisieren Sie Ihre Schul- oder B\u00fcroutensilien mit diesem eleganten, weichen, orangefarbenen Samtm\u00e4ppchen. Mit einem robusten Rei\u00dfverschluss und einem eleganten, lebendigen Design ist es perfekt, um Ihre Stifte, Bleistifte und andere kleine Gegenst\u00e4nde ordentlich und sicher aufzubewahren.<\/p>","protected":false},"featured_media":33561,"template":"","meta":[],"product_brand":[],"product_cat":[520,477,699],"product_tag":[],"class_list":{"0":"post-33559","1":"product","2":"type-product","3":"status-publish","4":"has-post-thumbnail","6":"product_cat-pencil-case-pouch","7":"product_cat-school-bags","8":"product_cat-neon-collection","10":"first","11":"instock","12":"shipping-taxable","13":"product-type-simple"},"_links":{"self":[{"href":"http:\/\/shinyyoustationery.com\/de\/wp-json\/wp\/v2\/product\/33559","targetHints":{"allow":["GET"]}}],"collection":[{"href":"http:\/\/shinyyoustationery.com\/de\/wp-json\/wp\/v2\/product"}],"about":[{"href":"http:\/\/shinyyoustationery.com\/de\/wp-json\/wp\/v2\/types\/product"}],"version-history":[{"count":0,"href":"http:\/\/shinyyoustationery.com\/de\/wp-json\/wp\/v2\/product\/33559\/revisions"}],"wp:featuredmedia":[{"embeddable":true,"href":"http:\/\/shinyyoustationery.com\/de\/wp-json\/wp\/v2\/media\/33561"}],"wp:attachment":[{"href":"http:\/\/shinyyoustationery.com\/de\/wp-json\/wp\/v2\/media?parent=33559"}],"wp:term":[{"taxonomy":"product_brand","embeddable":true,"href":"http:\/\/shinyyoustationery.com\/de\/wp-json\/wp\/v2\/product_brand?post=33559"},{"taxonomy":"product_cat","embeddable":true,"href":"http:\/\/shinyyoustationery.com\/de\/wp-json\/wp\/v2\/product_cat?post=33559"},{"taxonomy":"product_tag","embeddable":true,"href":"http:\/\/shinyyoustationery.com\/de\/wp-json\/wp\/v2\/product_tag?post=33559"}],"curies":[{"name":"wp","href":"https:\/\/api.w.org\/{rel}","templated":true}]}}