{"id":33564,"date":"2025-06-25T03:40:57","date_gmt":"2025-06-25T11:40:57","guid":{"rendered":"http:\/\/45.63.70.205\/?post_type=product&#038;p=33564"},"modified":"2025-07-07T15:19:42","modified_gmt":"2025-07-07T07:19:42","slug":"wholesale-custom-neon-orange-plastic-pencil-case-for-school-office","status":"publish","type":"product","link":"http:\/\/shinyyoustationery.com\/de\/wholesale-custom-neon-orange-plastic-pencil-case-for-school-office\/","title":{"rendered":"Gro\u00dfhandel benutzerdefinierte Neon Orange Kunststoff-Federtasche f\u00fcr Schule &amp; B\u00fcro"},"content":{"rendered":"","protected":false},"excerpt":{"rendered":"<p>Mit diesem eleganten orangefarbenen M\u00e4ppchen aus Kunststoff k\u00f6nnen Sie Ihre Bleistifte, Radiergummis und andere Kleinteile ordentlich aufbewahren. Durch sein kompaktes Design eignet es sich sowohl f\u00fcr die Schule als auch f\u00fcr das B\u00fcro und sorgt daf\u00fcr, dass Ihre wichtigen Dinge gesch\u00fctzt und leicht zug\u00e4nglich bleiben.<\/p>","protected":false},"featured_media":33566,"template":"","meta":[],"product_brand":[],"product_cat":[520,477,699],"product_tag":[],"class_list":{"0":"post-33564","1":"product","2":"type-product","3":"status-publish","4":"has-post-thumbnail","6":"product_cat-pencil-case-pouch","7":"product_cat-school-bags","8":"product_cat-neon-collection","10":"first","11":"instock","12":"shipping-taxable","13":"product-type-simple"},"_links":{"self":[{"href":"http:\/\/shinyyoustationery.com\/de\/wp-json\/wp\/v2\/product\/33564","targetHints":{"allow":["GET"]}}],"collection":[{"href":"http:\/\/shinyyoustationery.com\/de\/wp-json\/wp\/v2\/product"}],"about":[{"href":"http:\/\/shinyyoustationery.com\/de\/wp-json\/wp\/v2\/types\/product"}],"version-history":[{"count":0,"href":"http:\/\/shinyyoustationery.com\/de\/wp-json\/wp\/v2\/product\/33564\/revisions"}],"wp:featuredmedia":[{"embeddable":true,"href":"http:\/\/shinyyoustationery.com\/de\/wp-json\/wp\/v2\/media\/33566"}],"wp:attachment":[{"href":"http:\/\/shinyyoustationery.com\/de\/wp-json\/wp\/v2\/media?parent=33564"}],"wp:term":[{"taxonomy":"product_brand","embeddable":true,"href":"http:\/\/shinyyoustationery.com\/de\/wp-json\/wp\/v2\/product_brand?post=33564"},{"taxonomy":"product_cat","embeddable":true,"href":"http:\/\/shinyyoustationery.com\/de\/wp-json\/wp\/v2\/product_cat?post=33564"},{"taxonomy":"product_tag","embeddable":true,"href":"http:\/\/shinyyoustationery.com\/de\/wp-json\/wp\/v2\/product_tag?post=33564"}],"curies":[{"name":"wp","href":"https:\/\/api.w.org\/{rel}","templated":true}]}}