{"id":33605,"date":"2025-06-25T21:57:08","date_gmt":"2025-06-26T05:57:08","guid":{"rendered":"http:\/\/45.63.70.205\/?post_type=product&#038;p=33605"},"modified":"2025-07-02T19:45:00","modified_gmt":"2025-07-02T11:45:00","slug":"wholesale-custom-neon-8-pack-highlighter-set-for-office-school","status":"publish","type":"product","link":"http:\/\/shinyyoustationery.com\/de\/wholesale-custom-neon-8-pack-highlighter-set-for-office-school\/","title":{"rendered":"Gro\u00dfhandel benutzerdefinierte Neon 8-Pack Highlighter Set f\u00fcr B\u00fcro &amp; Schule"},"content":{"rendered":"","protected":false},"excerpt":{"rendered":"<p>Dieses Set mit 8 leuchtenden Textmarkern ist perfekt f\u00fcr B\u00fcro und Schule geeignet. Mit einer Mischung aus Farben, darunter Pink, Orange, Gr\u00fcn und Gelb, machen es diese Textmarker einfach, wichtige Informationen zu markieren, Notizen zu organisieren und Ihrer Arbeit einen Farbtupfer zu verleihen. Das komfortable Design sorgt f\u00fcr ein reibungsloses Markierungserlebnis, ideal f\u00fcr Studiensitzungen, Pr\u00e4sentationen oder das Organisieren von Dokumenten.<\/p>","protected":false},"featured_media":33606,"template":"","meta":[],"product_brand":[],"product_cat":[699,415,418],"product_tag":[],"class_list":{"0":"post-33605","1":"product","2":"type-product","3":"status-publish","4":"has-post-thumbnail","6":"product_cat-neon-collection","7":"product_cat-pen","8":"product_cat-highlighter","10":"first","11":"instock","12":"shipping-taxable","13":"product-type-simple"},"_links":{"self":[{"href":"http:\/\/shinyyoustationery.com\/de\/wp-json\/wp\/v2\/product\/33605","targetHints":{"allow":["GET"]}}],"collection":[{"href":"http:\/\/shinyyoustationery.com\/de\/wp-json\/wp\/v2\/product"}],"about":[{"href":"http:\/\/shinyyoustationery.com\/de\/wp-json\/wp\/v2\/types\/product"}],"version-history":[{"count":0,"href":"http:\/\/shinyyoustationery.com\/de\/wp-json\/wp\/v2\/product\/33605\/revisions"}],"wp:featuredmedia":[{"embeddable":true,"href":"http:\/\/shinyyoustationery.com\/de\/wp-json\/wp\/v2\/media\/33606"}],"wp:attachment":[{"href":"http:\/\/shinyyoustationery.com\/de\/wp-json\/wp\/v2\/media?parent=33605"}],"wp:term":[{"taxonomy":"product_brand","embeddable":true,"href":"http:\/\/shinyyoustationery.com\/de\/wp-json\/wp\/v2\/product_brand?post=33605"},{"taxonomy":"product_cat","embeddable":true,"href":"http:\/\/shinyyoustationery.com\/de\/wp-json\/wp\/v2\/product_cat?post=33605"},{"taxonomy":"product_tag","embeddable":true,"href":"http:\/\/shinyyoustationery.com\/de\/wp-json\/wp\/v2\/product_tag?post=33605"}],"curies":[{"name":"wp","href":"https:\/\/api.w.org\/{rel}","templated":true}]}}