{"id":33610,"date":"2025-06-25T22:06:11","date_gmt":"2025-06-26T06:06:11","guid":{"rendered":"http:\/\/45.63.70.205\/?post_type=product&#038;p=33610"},"modified":"2025-07-02T19:44:53","modified_gmt":"2025-07-02T11:44:53","slug":"wholesale-custom-neon-flower-pen-and-highlighter-set-for-office-school","status":"publish","type":"product","link":"http:\/\/shinyyoustationery.com\/de\/wholesale-custom-neon-flower-pen-and-highlighter-set-for-office-school\/","title":{"rendered":"Gro\u00dfhandel benutzerdefinierte Neon Blume Stift und Textmarker Set f\u00fcr B\u00fcro &amp; Schule"},"content":{"rendered":"","protected":false},"excerpt":{"rendered":"<p>Verleihen Sie Ihrer Schreibwarensammlung einen fr\u00f6hlichen Touch mit diesem blumenf\u00f6rmigen Stift- und Textmarkerset. Erh\u00e4ltlich in leuchtenden Farben wie Pink, Orange, Gr\u00fcn und Blau, sind diese einzigartigen Artikel perfekt f\u00fcr die Schule oder das B\u00fcro geeignet. Das lebendige Blumendesign macht sie lustig und einfach zu benutzen, ideal um wichtige Punkte hervorzuheben und mit einem Spritzer Farbe zu schreiben.<\/p>","protected":false},"featured_media":33611,"template":"","meta":[],"product_brand":[],"product_cat":[418,415,699],"product_tag":[],"class_list":{"0":"post-33610","1":"product","2":"type-product","3":"status-publish","4":"has-post-thumbnail","6":"product_cat-highlighter","7":"product_cat-pen","8":"product_cat-neon-collection","10":"first","11":"instock","12":"shipping-taxable","13":"product-type-simple"},"_links":{"self":[{"href":"http:\/\/shinyyoustationery.com\/de\/wp-json\/wp\/v2\/product\/33610","targetHints":{"allow":["GET"]}}],"collection":[{"href":"http:\/\/shinyyoustationery.com\/de\/wp-json\/wp\/v2\/product"}],"about":[{"href":"http:\/\/shinyyoustationery.com\/de\/wp-json\/wp\/v2\/types\/product"}],"version-history":[{"count":0,"href":"http:\/\/shinyyoustationery.com\/de\/wp-json\/wp\/v2\/product\/33610\/revisions"}],"wp:featuredmedia":[{"embeddable":true,"href":"http:\/\/shinyyoustationery.com\/de\/wp-json\/wp\/v2\/media\/33611"}],"wp:attachment":[{"href":"http:\/\/shinyyoustationery.com\/de\/wp-json\/wp\/v2\/media?parent=33610"}],"wp:term":[{"taxonomy":"product_brand","embeddable":true,"href":"http:\/\/shinyyoustationery.com\/de\/wp-json\/wp\/v2\/product_brand?post=33610"},{"taxonomy":"product_cat","embeddable":true,"href":"http:\/\/shinyyoustationery.com\/de\/wp-json\/wp\/v2\/product_cat?post=33610"},{"taxonomy":"product_tag","embeddable":true,"href":"http:\/\/shinyyoustationery.com\/de\/wp-json\/wp\/v2\/product_tag?post=33610"}],"curies":[{"name":"wp","href":"https:\/\/api.w.org\/{rel}","templated":true}]}}