{"id":33625,"date":"2025-06-25T23:18:17","date_gmt":"2025-06-26T07:18:17","guid":{"rendered":"http:\/\/45.63.70.205\/?post_type=product&#038;p=33625"},"modified":"2025-06-25T23:19:24","modified_gmt":"2025-06-26T07:19:24","slug":"wholesale-custom-a5-pu-leather-journal-pink-blue-gradient-for-office-school","status":"publish","type":"product","link":"http:\/\/shinyyoustationery.com\/de\/wholesale-custom-a5-pu-leather-journal-pink-blue-gradient-for-office-school\/","title":{"rendered":"Gro\u00dfhandel benutzerdefinierte A5 PU Leder Journal rosa &amp; blau Gradient f\u00fcr B\u00fcro &amp; Schule"},"content":{"rendered":"","protected":false},"excerpt":{"rendered":"<p>Dieses atemberaubende A5-PU-Leder-Tagebuch zeichnet sich durch ein wundersch\u00f6nes schillerndes Farbverlaufsdesign aus, das von Rosa zu Blau \u00fcbergeht. Das Journal ist ideal f\u00fcr die Schule und das B\u00fcro und verf\u00fcgt \u00fcber einen strapazierf\u00e4higen Hardcover-Einband und ein elastisches Band f\u00fcr einen sicheren Verschluss. Das verspielte JOURNAL\"-Etikett verleiht ihm einen Hauch von Pers\u00f6nlichkeit und macht es zu einer stilvollen und funktionalen Erg\u00e4nzung Ihrer Schreibwarensammlung. Perfekt zum Schreiben, f\u00fcr Notizen oder Tagebucheintr\u00e4ge.<\/p>","protected":false},"featured_media":33626,"template":"","meta":[],"product_brand":[],"product_cat":[667,494,495,684],"product_tag":[],"class_list":{"0":"post-33625","1":"product","2":"type-product","3":"status-publish","4":"has-post-thumbnail","6":"product_cat-hardcover-notebook","7":"product_cat-composition-notebook","8":"product_cat-exercise-book","9":"product_cat-fashion-collection","11":"first","12":"instock","13":"shipping-taxable","14":"product-type-simple"},"_links":{"self":[{"href":"http:\/\/shinyyoustationery.com\/de\/wp-json\/wp\/v2\/product\/33625","targetHints":{"allow":["GET"]}}],"collection":[{"href":"http:\/\/shinyyoustationery.com\/de\/wp-json\/wp\/v2\/product"}],"about":[{"href":"http:\/\/shinyyoustationery.com\/de\/wp-json\/wp\/v2\/types\/product"}],"version-history":[{"count":0,"href":"http:\/\/shinyyoustationery.com\/de\/wp-json\/wp\/v2\/product\/33625\/revisions"}],"wp:featuredmedia":[{"embeddable":true,"href":"http:\/\/shinyyoustationery.com\/de\/wp-json\/wp\/v2\/media\/33626"}],"wp:attachment":[{"href":"http:\/\/shinyyoustationery.com\/de\/wp-json\/wp\/v2\/media?parent=33625"}],"wp:term":[{"taxonomy":"product_brand","embeddable":true,"href":"http:\/\/shinyyoustationery.com\/de\/wp-json\/wp\/v2\/product_brand?post=33625"},{"taxonomy":"product_cat","embeddable":true,"href":"http:\/\/shinyyoustationery.com\/de\/wp-json\/wp\/v2\/product_cat?post=33625"},{"taxonomy":"product_tag","embeddable":true,"href":"http:\/\/shinyyoustationery.com\/de\/wp-json\/wp\/v2\/product_tag?post=33625"}],"curies":[{"name":"wp","href":"https:\/\/api.w.org\/{rel}","templated":true}]}}