{"id":33629,"date":"2025-06-25T23:45:40","date_gmt":"2025-06-26T07:45:40","guid":{"rendered":"http:\/\/45.63.70.205\/?post_type=product&#038;p=33629"},"modified":"2025-06-25T23:45:40","modified_gmt":"2025-06-26T07:45:40","slug":"wholesale-custom-iridescent-a5-pu-leather-journal-with-pink-elastic-band-stylish-notebook-for-school-office","status":"publish","type":"product","link":"http:\/\/shinyyoustationery.com\/de\/wholesale-custom-iridescent-a5-pu-leather-journal-with-pink-elastic-band-stylish-notebook-for-school-office\/","title":{"rendered":"Gro\u00dfhandel benutzerdefinierte schillernde A5 PU-Leder-Journal mit rosa Gummiband - stilvolle Notebook f\u00fcr Schule &amp; B\u00fcro"},"content":{"rendered":"","protected":false},"excerpt":{"rendered":"<p>Dieses atemberaubende A5-PU-Leder-Tagebuch verf\u00fcgt \u00fcber einen schillernden, holografischen Einband mit einem weichen, rosafarbenen Gummiband und ist somit perfekt f\u00fcr die Schule und das B\u00fcro geeignet. Die glatte, reflektierende Oberfl\u00e4che verleiht Ihrer Schreibwarensammlung einen einzigartigen Touch. Dieses strapazierf\u00e4hige Notizbuch ist ideal f\u00fcr Notizen, Tagebucheintr\u00e4ge oder das stilvolle Ordnen Ihrer Ideen und gew\u00e4hrleistet, dass Ihre Gedanken sicher und leicht zug\u00e4nglich sind.<\/p>","protected":false},"featured_media":33633,"template":"","meta":[],"product_brand":[],"product_cat":[667,494,495,684],"product_tag":[],"class_list":{"0":"post-33629","1":"product","2":"type-product","3":"status-publish","4":"has-post-thumbnail","6":"product_cat-hardcover-notebook","7":"product_cat-composition-notebook","8":"product_cat-exercise-book","9":"product_cat-fashion-collection","11":"first","12":"instock","13":"shipping-taxable","14":"product-type-simple"},"_links":{"self":[{"href":"http:\/\/shinyyoustationery.com\/de\/wp-json\/wp\/v2\/product\/33629","targetHints":{"allow":["GET"]}}],"collection":[{"href":"http:\/\/shinyyoustationery.com\/de\/wp-json\/wp\/v2\/product"}],"about":[{"href":"http:\/\/shinyyoustationery.com\/de\/wp-json\/wp\/v2\/types\/product"}],"version-history":[{"count":0,"href":"http:\/\/shinyyoustationery.com\/de\/wp-json\/wp\/v2\/product\/33629\/revisions"}],"wp:featuredmedia":[{"embeddable":true,"href":"http:\/\/shinyyoustationery.com\/de\/wp-json\/wp\/v2\/media\/33633"}],"wp:attachment":[{"href":"http:\/\/shinyyoustationery.com\/de\/wp-json\/wp\/v2\/media?parent=33629"}],"wp:term":[{"taxonomy":"product_brand","embeddable":true,"href":"http:\/\/shinyyoustationery.com\/de\/wp-json\/wp\/v2\/product_brand?post=33629"},{"taxonomy":"product_cat","embeddable":true,"href":"http:\/\/shinyyoustationery.com\/de\/wp-json\/wp\/v2\/product_cat?post=33629"},{"taxonomy":"product_tag","embeddable":true,"href":"http:\/\/shinyyoustationery.com\/de\/wp-json\/wp\/v2\/product_tag?post=33629"}],"curies":[{"name":"wp","href":"https:\/\/api.w.org\/{rel}","templated":true}]}}