{"id":33635,"date":"2025-06-26T00:07:57","date_gmt":"2025-06-26T08:07:57","guid":{"rendered":"http:\/\/45.63.70.205\/?post_type=product&#038;p=33635"},"modified":"2025-06-26T00:07:58","modified_gmt":"2025-06-26T08:07:58","slug":"wholesale-custom-gray-hardcover-notebook-for-office-personal","status":"publish","type":"product","link":"http:\/\/shinyyoustationery.com\/de\/wholesale-custom-gray-hardcover-notebook-for-office-personal\/","title":{"rendered":"Gro\u00dfhandel benutzerdefinierte graue Hardcover Notebook f\u00fcr B\u00fcro &amp; Personal"},"content":{"rendered":"","protected":false},"excerpt":{"rendered":"<p>Dieses elegante graue Hardcover-Notizbuch mit dem verspielten Aufdruck \"HA HA HA NO\" auf dem Einband verleiht Ihrer B\u00fcro- oder pers\u00f6nlichen Schreibwarensammlung einen Hauch von Humor. Dank seines robusten Designs eignet es sich perfekt zum Schreiben, Notieren oder F\u00fchren von Journalen, w\u00e4hrend die minimalistische \u00c4sthetik und die einzigartige Botschaft Ihrem Arbeitsbereich Charakter verleihen. Ideal f\u00fcr alle, die ihren Notizen einen Hauch von Pers\u00f6nlichkeit verleihen wollen!<\/p>","protected":false},"featured_media":33636,"template":"","meta":[],"product_brand":[],"product_cat":[495,494,667,684],"product_tag":[],"class_list":{"0":"post-33635","1":"product","2":"type-product","3":"status-publish","4":"has-post-thumbnail","6":"product_cat-exercise-book","7":"product_cat-composition-notebook","8":"product_cat-hardcover-notebook","9":"product_cat-fashion-collection","11":"first","12":"instock","13":"shipping-taxable","14":"product-type-simple"},"_links":{"self":[{"href":"http:\/\/shinyyoustationery.com\/de\/wp-json\/wp\/v2\/product\/33635","targetHints":{"allow":["GET"]}}],"collection":[{"href":"http:\/\/shinyyoustationery.com\/de\/wp-json\/wp\/v2\/product"}],"about":[{"href":"http:\/\/shinyyoustationery.com\/de\/wp-json\/wp\/v2\/types\/product"}],"version-history":[{"count":0,"href":"http:\/\/shinyyoustationery.com\/de\/wp-json\/wp\/v2\/product\/33635\/revisions"}],"wp:featuredmedia":[{"embeddable":true,"href":"http:\/\/shinyyoustationery.com\/de\/wp-json\/wp\/v2\/media\/33636"}],"wp:attachment":[{"href":"http:\/\/shinyyoustationery.com\/de\/wp-json\/wp\/v2\/media?parent=33635"}],"wp:term":[{"taxonomy":"product_brand","embeddable":true,"href":"http:\/\/shinyyoustationery.com\/de\/wp-json\/wp\/v2\/product_brand?post=33635"},{"taxonomy":"product_cat","embeddable":true,"href":"http:\/\/shinyyoustationery.com\/de\/wp-json\/wp\/v2\/product_cat?post=33635"},{"taxonomy":"product_tag","embeddable":true,"href":"http:\/\/shinyyoustationery.com\/de\/wp-json\/wp\/v2\/product_tag?post=33635"}],"curies":[{"name":"wp","href":"https:\/\/api.w.org\/{rel}","templated":true}]}}