{"id":33638,"date":"2025-06-26T00:11:07","date_gmt":"2025-06-26T08:11:07","guid":{"rendered":"http:\/\/45.63.70.205\/?post_type=product&#038;p=33638"},"modified":"2025-06-26T00:20:02","modified_gmt":"2025-06-26T08:20:02","slug":"wholesale-custom-iridescent-a4-pu-hardcover-notebook-stylish-journal-for-office-school","status":"publish","type":"product","link":"http:\/\/shinyyoustationery.com\/de\/wholesale-custom-iridescent-a4-pu-hardcover-notebook-stylish-journal-for-office-school\/","title":{"rendered":"Gro\u00dfhandel benutzerdefinierte schillernde A4 PU Hardcover Notebook stilvolle Journal f\u00fcr B\u00fcro &amp; Schule"},"content":{"rendered":"","protected":false},"excerpt":{"rendered":"<p>Dieses A4-gro\u00dfe Notizbuch aus PU-Leder hat einen atemberaubenden, schillernden Einband mit dem auff\u00e4lligen \"SAVAGE NOT AVERAGE\"-Print, der es zu einer lustigen und auff\u00e4lligen Erg\u00e4nzung Ihrer B\u00fcro- oder Schulutensilien macht. Die leuchtenden Farben ver\u00e4ndern sich je nach Lichteinfall und verleihen Ihren Notizen oder Protokollen einen zus\u00e4tzlichen Hauch von Stil. Der strapazierf\u00e4hige Hardcover-Einband sorgt daf\u00fcr, dass Ihre Seiten gesch\u00fctzt bleiben, w\u00e4hrend das ger\u00e4umige Format reichlich Platz zum Schreiben, Skizzieren und Ordnen Ihrer Gedanken bietet. Perfekt f\u00fcr alle, die sich gerne abheben!<\/p>","protected":false},"featured_media":33640,"template":"","meta":[],"product_brand":[],"product_cat":[495,494,667,684],"product_tag":[],"class_list":{"0":"post-33638","1":"product","2":"type-product","3":"status-publish","4":"has-post-thumbnail","6":"product_cat-exercise-book","7":"product_cat-composition-notebook","8":"product_cat-hardcover-notebook","9":"product_cat-fashion-collection","11":"first","12":"instock","13":"shipping-taxable","14":"product-type-simple"},"_links":{"self":[{"href":"http:\/\/shinyyoustationery.com\/de\/wp-json\/wp\/v2\/product\/33638","targetHints":{"allow":["GET"]}}],"collection":[{"href":"http:\/\/shinyyoustationery.com\/de\/wp-json\/wp\/v2\/product"}],"about":[{"href":"http:\/\/shinyyoustationery.com\/de\/wp-json\/wp\/v2\/types\/product"}],"version-history":[{"count":0,"href":"http:\/\/shinyyoustationery.com\/de\/wp-json\/wp\/v2\/product\/33638\/revisions"}],"wp:featuredmedia":[{"embeddable":true,"href":"http:\/\/shinyyoustationery.com\/de\/wp-json\/wp\/v2\/media\/33640"}],"wp:attachment":[{"href":"http:\/\/shinyyoustationery.com\/de\/wp-json\/wp\/v2\/media?parent=33638"}],"wp:term":[{"taxonomy":"product_brand","embeddable":true,"href":"http:\/\/shinyyoustationery.com\/de\/wp-json\/wp\/v2\/product_brand?post=33638"},{"taxonomy":"product_cat","embeddable":true,"href":"http:\/\/shinyyoustationery.com\/de\/wp-json\/wp\/v2\/product_cat?post=33638"},{"taxonomy":"product_tag","embeddable":true,"href":"http:\/\/shinyyoustationery.com\/de\/wp-json\/wp\/v2\/product_tag?post=33638"}],"curies":[{"name":"wp","href":"https:\/\/api.w.org\/{rel}","templated":true}]}}