{"id":33642,"date":"2025-06-26T00:22:00","date_gmt":"2025-06-26T08:22:00","guid":{"rendered":"http:\/\/45.63.70.205\/?post_type=product&#038;p=33642"},"modified":"2025-06-26T00:26:37","modified_gmt":"2025-06-26T08:26:37","slug":"wholesale-custom-teal-a4-hardcover-notebook-bold-journal-for-office-school","status":"publish","type":"product","link":"http:\/\/shinyyoustationery.com\/de\/wholesale-custom-teal-a4-hardcover-notebook-bold-journal-for-office-school\/","title":{"rendered":"Gro\u00dfhandel benutzerdefinierte Teal A4 Hardcover Notebook Bold Journal f\u00fcr B\u00fcro &amp; Schule"},"content":{"rendered":"","protected":false},"excerpt":{"rendered":"<p>Dieses leuchtend blaugr\u00fcne A4-Hardcover-Notizbuch hat ein verspieltes Design mit frechen Spr\u00fcchen wie \"GRL PWR\", \"BITE ME\" und \"OMG\" und eignet sich perfekt f\u00fcr alle, die gerne ihre Pers\u00f6nlichkeit zum Ausdruck bringen. Dieses Notizbuch ist ideal f\u00fcr das B\u00fcro, die Schule oder den privaten Gebrauch und bietet reichlich Platz f\u00fcr Notizen, Tagebucheintr\u00e4ge und die Organisation Ihrer Gedanken auf eine lustige und farbenfrohe Art. Der strapazierf\u00e4hige Einband sorgt daf\u00fcr, dass Ihre Seiten gesch\u00fctzt bleiben, w\u00e4hrend das energiegeladene Design eine frische Atmosph\u00e4re in Ihren Arbeitsbereich bringt.<\/p>","protected":false},"featured_media":33644,"template":"","meta":[],"product_brand":[],"product_cat":[495,494,667,684],"product_tag":[],"class_list":{"0":"post-33642","1":"product","2":"type-product","3":"status-publish","4":"has-post-thumbnail","6":"product_cat-exercise-book","7":"product_cat-composition-notebook","8":"product_cat-hardcover-notebook","9":"product_cat-fashion-collection","11":"first","12":"instock","13":"shipping-taxable","14":"product-type-simple"},"_links":{"self":[{"href":"http:\/\/shinyyoustationery.com\/de\/wp-json\/wp\/v2\/product\/33642","targetHints":{"allow":["GET"]}}],"collection":[{"href":"http:\/\/shinyyoustationery.com\/de\/wp-json\/wp\/v2\/product"}],"about":[{"href":"http:\/\/shinyyoustationery.com\/de\/wp-json\/wp\/v2\/types\/product"}],"version-history":[{"count":0,"href":"http:\/\/shinyyoustationery.com\/de\/wp-json\/wp\/v2\/product\/33642\/revisions"}],"wp:featuredmedia":[{"embeddable":true,"href":"http:\/\/shinyyoustationery.com\/de\/wp-json\/wp\/v2\/media\/33644"}],"wp:attachment":[{"href":"http:\/\/shinyyoustationery.com\/de\/wp-json\/wp\/v2\/media?parent=33642"}],"wp:term":[{"taxonomy":"product_brand","embeddable":true,"href":"http:\/\/shinyyoustationery.com\/de\/wp-json\/wp\/v2\/product_brand?post=33642"},{"taxonomy":"product_cat","embeddable":true,"href":"http:\/\/shinyyoustationery.com\/de\/wp-json\/wp\/v2\/product_cat?post=33642"},{"taxonomy":"product_tag","embeddable":true,"href":"http:\/\/shinyyoustationery.com\/de\/wp-json\/wp\/v2\/product_tag?post=33642"}],"curies":[{"name":"wp","href":"https:\/\/api.w.org\/{rel}","templated":true}]}}