{"id":33653,"date":"2025-06-26T00:35:55","date_gmt":"2025-06-26T08:35:55","guid":{"rendered":"http:\/\/45.63.70.205\/?post_type=product&#038;p=33653"},"modified":"2025-08-04T00:57:41","modified_gmt":"2025-08-04T08:57:41","slug":"wholesale-custom-black-fashion-pencil-case-fun-storage-for-school-office","status":"publish","type":"product","link":"http:\/\/shinyyoustationery.com\/de\/wholesale-custom-black-fashion-pencil-case-fun-storage-for-school-office\/","title":{"rendered":"Gro\u00dfhandel benutzerdefinierte schwarze Mode Federtasche - Spa\u00df Lagerung f\u00fcr Schule &amp; B\u00fcro"},"content":{"rendered":"","protected":false},"excerpt":{"rendered":"<p>Dieses elegante schwarze Federm\u00e4ppchen mit dem verspielten \"Resting Sour Face\"-Design ist perfekt, um Ihren Schul- oder B\u00fcroutensilien etwas Pers\u00f6nlichkeit zu verleihen. Mit einem robusten Rei\u00dfverschluss und einem ger\u00e4umigen Innenraum ist es ideal f\u00fcr die Aufbewahrung von Stiften, Bleistiften und anderen wichtigen Dingen. Das auff\u00e4llige Design und die glatte Oberfl\u00e4che machen die Tasche sowohl funktional als auch witzig und machen sie zu einem Muss f\u00fcr Studenten oder Berufst\u00e4tige, die auf der Suche nach stilvoller Organisation sind.<\/p>","protected":false},"featured_media":33651,"template":"","meta":[],"product_brand":[],"product_cat":[520,684],"product_tag":[],"class_list":{"0":"post-33653","1":"product","2":"type-product","3":"status-publish","4":"has-post-thumbnail","6":"product_cat-pencil-case-pouch","7":"product_cat-fashion-collection","9":"first","10":"instock","11":"shipping-taxable","12":"product-type-simple"},"_links":{"self":[{"href":"http:\/\/shinyyoustationery.com\/de\/wp-json\/wp\/v2\/product\/33653","targetHints":{"allow":["GET"]}}],"collection":[{"href":"http:\/\/shinyyoustationery.com\/de\/wp-json\/wp\/v2\/product"}],"about":[{"href":"http:\/\/shinyyoustationery.com\/de\/wp-json\/wp\/v2\/types\/product"}],"version-history":[{"count":0,"href":"http:\/\/shinyyoustationery.com\/de\/wp-json\/wp\/v2\/product\/33653\/revisions"}],"wp:featuredmedia":[{"embeddable":true,"href":"http:\/\/shinyyoustationery.com\/de\/wp-json\/wp\/v2\/media\/33651"}],"wp:attachment":[{"href":"http:\/\/shinyyoustationery.com\/de\/wp-json\/wp\/v2\/media?parent=33653"}],"wp:term":[{"taxonomy":"product_brand","embeddable":true,"href":"http:\/\/shinyyoustationery.com\/de\/wp-json\/wp\/v2\/product_brand?post=33653"},{"taxonomy":"product_cat","embeddable":true,"href":"http:\/\/shinyyoustationery.com\/de\/wp-json\/wp\/v2\/product_cat?post=33653"},{"taxonomy":"product_tag","embeddable":true,"href":"http:\/\/shinyyoustationery.com\/de\/wp-json\/wp\/v2\/product_tag?post=33653"}],"curies":[{"name":"wp","href":"https:\/\/api.w.org\/{rel}","templated":true}]}}