{"id":33664,"date":"2025-06-26T01:17:55","date_gmt":"2025-06-26T09:17:55","guid":{"rendered":"http:\/\/45.63.70.205\/?post_type=product&#038;p=33664"},"modified":"2025-08-13T03:51:32","modified_gmt":"2025-08-13T11:51:32","slug":"wholesale-custom-pastel-speech-bubble-file-holder-colorful-desktop-organizer-for-school-office","status":"publish","type":"product","link":"http:\/\/shinyyoustationery.com\/de\/wholesale-custom-pastel-speech-bubble-file-holder-colorful-desktop-organizer-for-school-office\/","title":{"rendered":"Gro\u00dfhandel benutzerdefinierte Pastell Rede Blase File Holder - bunte Desktop-Organizer f\u00fcr Schule &amp; B\u00fcro"},"content":{"rendered":"","protected":false},"excerpt":{"rendered":"<p>Dieser pastellfarbene Aktenhalter mit lustigen Sprechblasen und Lollipop-Grafiken wie \"SASSY\", \"OMG\" und \"LOVE\" bringt Schwung in Ihren Schreibtisch. Ideal f\u00fcr Studenten oder Berufst\u00e4tige, die ihrem Arbeitsbereich einen fr\u00f6hlichen und funktionalen Touch verleihen m\u00f6chten.<\/p>","protected":false},"featured_media":33661,"template":"","meta":[],"product_brand":[],"product_cat":[438,671,675,684,402,412,427],"product_tag":[],"class_list":{"0":"post-33664","1":"product","2":"type-product","3":"status-publish","4":"has-post-thumbnail","6":"product_cat-document-file-holder","7":"product_cat-magazine-file","8":"product_cat-school-desk-organizer","9":"product_cat-fashion-collection","10":"product_cat-desk-organizer-accessories","11":"product_cat-document-file-folder","12":"product_cat-desk-organizer","14":"first","15":"instock","16":"shipping-taxable","17":"product-type-simple"},"_links":{"self":[{"href":"http:\/\/shinyyoustationery.com\/de\/wp-json\/wp\/v2\/product\/33664","targetHints":{"allow":["GET"]}}],"collection":[{"href":"http:\/\/shinyyoustationery.com\/de\/wp-json\/wp\/v2\/product"}],"about":[{"href":"http:\/\/shinyyoustationery.com\/de\/wp-json\/wp\/v2\/types\/product"}],"version-history":[{"count":0,"href":"http:\/\/shinyyoustationery.com\/de\/wp-json\/wp\/v2\/product\/33664\/revisions"}],"wp:featuredmedia":[{"embeddable":true,"href":"http:\/\/shinyyoustationery.com\/de\/wp-json\/wp\/v2\/media\/33661"}],"wp:attachment":[{"href":"http:\/\/shinyyoustationery.com\/de\/wp-json\/wp\/v2\/media?parent=33664"}],"wp:term":[{"taxonomy":"product_brand","embeddable":true,"href":"http:\/\/shinyyoustationery.com\/de\/wp-json\/wp\/v2\/product_brand?post=33664"},{"taxonomy":"product_cat","embeddable":true,"href":"http:\/\/shinyyoustationery.com\/de\/wp-json\/wp\/v2\/product_cat?post=33664"},{"taxonomy":"product_tag","embeddable":true,"href":"http:\/\/shinyyoustationery.com\/de\/wp-json\/wp\/v2\/product_tag?post=33664"}],"curies":[{"name":"wp","href":"https:\/\/api.w.org\/{rel}","templated":true}]}}