{"id":33675,"date":"2025-06-26T03:59:51","date_gmt":"2025-06-26T11:59:51","guid":{"rendered":"http:\/\/45.63.70.205\/?post_type=product&#038;p=33675"},"modified":"2025-07-14T01:01:21","modified_gmt":"2025-07-14T09:01:21","slug":"pink-cosmetic-bag-stylish-and-transparent-organizer-for-makeup-accessories-or-travel","status":"publish","type":"product","link":"http:\/\/shinyyoustationery.com\/de\/pink-cosmetic-bag-stylish-and-transparent-organizer-for-makeup-accessories-or-travel\/","title":{"rendered":"Pinke Kosmetiktasche - eleganter und transparenter Organizer f\u00fcr Make-up, Accessoires oder Reisen"},"content":{"rendered":"","protected":false},"excerpt":{"rendered":"<p>Halten Sie Ihre wichtigsten Utensilien organisiert und schick mit der <strong data-start=\"193\" data-end=\"214\">Mode Mini Girl<\/strong> rosa Kosmetiktasche. Die Tasche aus strapazierf\u00e4higem, transparentem Material ist mit einem auff\u00e4lligen \"FASHION MINI GIRL\"-Aufdruck versehen und eignet sich perfekt zur Aufbewahrung von Make-up, kleinen Accessoires oder Reiseutensilien. Die kompakte Gr\u00f6\u00dfe und das auff\u00e4llige Design machen sie zur idealen Wahl f\u00fcr unterwegs, egal ob du ins B\u00fcro, ins Fitnessstudio oder auf einen Wochenendtrip gehst. Stilvoll, praktisch und witzig - die perfekte Erg\u00e4nzung zu Ihren t\u00e4glichen Utensilien.<\/p>","protected":false},"featured_media":33694,"template":"","meta":[],"product_brand":[],"product_cat":[700,404,533,537],"product_tag":[],"class_list":{"0":"post-33675","1":"product","2":"type-product","3":"status-publish","4":"has-post-thumbnail","6":"product_cat-hot-pink-power-girl-collection","7":"product_cat-bags-cases","8":"product_cat-organizer-bag","9":"product_cat-cosmetic-bag","11":"first","12":"instock","13":"shipping-taxable","14":"product-type-simple"},"_links":{"self":[{"href":"http:\/\/shinyyoustationery.com\/de\/wp-json\/wp\/v2\/product\/33675","targetHints":{"allow":["GET"]}}],"collection":[{"href":"http:\/\/shinyyoustationery.com\/de\/wp-json\/wp\/v2\/product"}],"about":[{"href":"http:\/\/shinyyoustationery.com\/de\/wp-json\/wp\/v2\/types\/product"}],"version-history":[{"count":0,"href":"http:\/\/shinyyoustationery.com\/de\/wp-json\/wp\/v2\/product\/33675\/revisions"}],"wp:featuredmedia":[{"embeddable":true,"href":"http:\/\/shinyyoustationery.com\/de\/wp-json\/wp\/v2\/media\/33694"}],"wp:attachment":[{"href":"http:\/\/shinyyoustationery.com\/de\/wp-json\/wp\/v2\/media?parent=33675"}],"wp:term":[{"taxonomy":"product_brand","embeddable":true,"href":"http:\/\/shinyyoustationery.com\/de\/wp-json\/wp\/v2\/product_brand?post=33675"},{"taxonomy":"product_cat","embeddable":true,"href":"http:\/\/shinyyoustationery.com\/de\/wp-json\/wp\/v2\/product_cat?post=33675"},{"taxonomy":"product_tag","embeddable":true,"href":"http:\/\/shinyyoustationery.com\/de\/wp-json\/wp\/v2\/product_tag?post=33675"}],"curies":[{"name":"wp","href":"https:\/\/api.w.org\/{rel}","templated":true}]}}