{"id":33700,"date":"2025-06-26T18:20:34","date_gmt":"2025-06-27T02:20:34","guid":{"rendered":"http:\/\/45.63.70.205\/?post_type=product&#038;p=33700"},"modified":"2025-07-07T15:32:12","modified_gmt":"2025-07-07T07:32:12","slug":"wholesale-custom-pixel-chomp-cartoon-tote-bag-casual-eco-friendly-bag-for-everyday","status":"publish","type":"product","link":"http:\/\/shinyyoustationery.com\/de\/wholesale-custom-pixel-chomp-cartoon-tote-bag-casual-eco-friendly-bag-for-everyday\/","title":{"rendered":"Gro\u00dfhandel benutzerdefinierte Pixel &amp; Chomp Cartoon Tote Bag - Casual Eco-Friendly Bag f\u00fcr jeden Tag"},"content":{"rendered":"","protected":false},"excerpt":{"rendered":"<p>Diese verspielte und farbenfrohe Tragetasche mit dem lustigen \"Pixel &amp; Chomp\"-Motiv eignet sich perfekt f\u00fcr Freizeitausfl\u00fcge, Shoppingtouren oder einen Tag am Strand. Sie ist aus strapazierf\u00e4higer, umweltfreundlicher Baumwolle gefertigt und bietet sowohl Stil als auch Nachhaltigkeit. Die hellbeige Farbe passt zu jedem Outfit, und das ger\u00e4umige Design bietet viel Platz f\u00fcr Ihre wichtigsten Dinge. Ein unverzichtbares Accessoire f\u00fcr alle, die schrullige, lustige Mode lieben!<\/p>","protected":false},"featured_media":33701,"template":"","meta":[],"product_brand":[],"product_cat":[701,705,404,535],"product_tag":[],"class_list":{"0":"post-33700","1":"product","2":"type-product","3":"status-publish","4":"has-post-thumbnail","6":"product_cat-pixel-chomp-collection","7":"product_cat-tote-bag","8":"product_cat-bags-cases","9":"product_cat-storage-bag","11":"first","12":"instock","13":"shipping-taxable","14":"product-type-simple"},"_links":{"self":[{"href":"http:\/\/shinyyoustationery.com\/de\/wp-json\/wp\/v2\/product\/33700","targetHints":{"allow":["GET"]}}],"collection":[{"href":"http:\/\/shinyyoustationery.com\/de\/wp-json\/wp\/v2\/product"}],"about":[{"href":"http:\/\/shinyyoustationery.com\/de\/wp-json\/wp\/v2\/types\/product"}],"version-history":[{"count":0,"href":"http:\/\/shinyyoustationery.com\/de\/wp-json\/wp\/v2\/product\/33700\/revisions"}],"wp:featuredmedia":[{"embeddable":true,"href":"http:\/\/shinyyoustationery.com\/de\/wp-json\/wp\/v2\/media\/33701"}],"wp:attachment":[{"href":"http:\/\/shinyyoustationery.com\/de\/wp-json\/wp\/v2\/media?parent=33700"}],"wp:term":[{"taxonomy":"product_brand","embeddable":true,"href":"http:\/\/shinyyoustationery.com\/de\/wp-json\/wp\/v2\/product_brand?post=33700"},{"taxonomy":"product_cat","embeddable":true,"href":"http:\/\/shinyyoustationery.com\/de\/wp-json\/wp\/v2\/product_cat?post=33700"},{"taxonomy":"product_tag","embeddable":true,"href":"http:\/\/shinyyoustationery.com\/de\/wp-json\/wp\/v2\/product_tag?post=33700"}],"curies":[{"name":"wp","href":"https:\/\/api.w.org\/{rel}","templated":true}]}}