{"id":33726,"date":"2025-06-26T21:21:25","date_gmt":"2025-06-27T05:21:25","guid":{"rendered":"http:\/\/45.63.70.205\/?post_type=product&#038;p=33726"},"modified":"2025-07-07T15:30:45","modified_gmt":"2025-07-07T07:30:45","slug":"trendy-pink-cosmetic-bag-stylish-pouch-for-makeup-lovers","status":"publish","type":"product","link":"http:\/\/shinyyoustationery.com\/de\/trendy-pink-cosmetic-bag-stylish-pouch-for-makeup-lovers\/","title":{"rendered":"Trendige rosa Kosmetiktasche Stilvolle Tasche f\u00fcr Makeup-Liebhaber"},"content":{"rendered":"","protected":false},"excerpt":{"rendered":"<p>Diese leuchtend pinke Kosmetiktasche ist perfekt f\u00fcr alle, die es knallig und frech m\u00f6gen. Mit dem verspielten \"PINK\"-Design ist diese Tasche ideal, um Ihr Make-up oder kleine Accessoires zu verstauen. Das gl\u00e4nzende, transparente Material verleiht ihr einen trendigen Touch und macht sie zu einem auff\u00e4lligen Accessoire f\u00fcr den t\u00e4glichen Gebrauch oder auf Reisen. Kompakt und doch ger\u00e4umig, ist sie die perfekte Wahl, um Ihre Beauty-Essentials stilvoll aufzubewahren!<\/p>","protected":false},"featured_media":33727,"template":"","meta":[],"product_brand":[],"product_cat":[537,533,700,404],"product_tag":[],"class_list":{"0":"post-33726","1":"product","2":"type-product","3":"status-publish","4":"has-post-thumbnail","6":"product_cat-cosmetic-bag","7":"product_cat-organizer-bag","8":"product_cat-hot-pink-power-girl-collection","9":"product_cat-bags-cases","11":"first","12":"instock","13":"shipping-taxable","14":"product-type-simple"},"_links":{"self":[{"href":"http:\/\/shinyyoustationery.com\/de\/wp-json\/wp\/v2\/product\/33726","targetHints":{"allow":["GET"]}}],"collection":[{"href":"http:\/\/shinyyoustationery.com\/de\/wp-json\/wp\/v2\/product"}],"about":[{"href":"http:\/\/shinyyoustationery.com\/de\/wp-json\/wp\/v2\/types\/product"}],"version-history":[{"count":0,"href":"http:\/\/shinyyoustationery.com\/de\/wp-json\/wp\/v2\/product\/33726\/revisions"}],"wp:featuredmedia":[{"embeddable":true,"href":"http:\/\/shinyyoustationery.com\/de\/wp-json\/wp\/v2\/media\/33727"}],"wp:attachment":[{"href":"http:\/\/shinyyoustationery.com\/de\/wp-json\/wp\/v2\/media?parent=33726"}],"wp:term":[{"taxonomy":"product_brand","embeddable":true,"href":"http:\/\/shinyyoustationery.com\/de\/wp-json\/wp\/v2\/product_brand?post=33726"},{"taxonomy":"product_cat","embeddable":true,"href":"http:\/\/shinyyoustationery.com\/de\/wp-json\/wp\/v2\/product_cat?post=33726"},{"taxonomy":"product_tag","embeddable":true,"href":"http:\/\/shinyyoustationery.com\/de\/wp-json\/wp\/v2\/product_tag?post=33726"}],"curies":[{"name":"wp","href":"https:\/\/api.w.org\/{rel}","templated":true}]}}