{"id":33730,"date":"2025-06-26T21:22:08","date_gmt":"2025-06-27T05:22:08","guid":{"rendered":"http:\/\/45.63.70.205\/?post_type=product&#038;p=33730"},"modified":"2025-07-14T00:57:04","modified_gmt":"2025-07-14T08:57:04","slug":"pink-transparent-pencil-case-with-tassel-fun-and-functional-organizer","status":"publish","type":"product","link":"http:\/\/shinyyoustationery.com\/de\/pink-transparent-pencil-case-with-tassel-fun-and-functional-organizer\/","title":{"rendered":"Rosa Transparentes Federm\u00e4ppchen mit Quaste Lustiger und funktioneller Organizer"},"content":{"rendered":"","protected":false},"excerpt":{"rendered":"<p>Bringen Sie Farbe in Ihre Schreibwaren mit diesem leuchtend pinken Federm\u00e4ppchen. Das gl\u00e4nzende, transparente Design erleichtert den Blick und den Zugriff auf Ihre Utensilien, w\u00e4hrend die schicke Quaste einen stilvollen Akzent setzt. Dieses kompakte und funktionelle Etui ist ideal f\u00fcr Schule, Arbeit oder Reisen und eignet sich zur Aufbewahrung von Stiften, Bleistiften, Make-up-Pinseln oder anderen kleinen Dingen. Seine kr\u00e4ftige rosa Farbe macht es sowohl zum Blickfang als auch praktisch.<\/p>","protected":false},"featured_media":33732,"template":"","meta":[],"product_brand":[],"product_cat":[700,404,520],"product_tag":[],"class_list":{"0":"post-33730","1":"product","2":"type-product","3":"status-publish","4":"has-post-thumbnail","6":"product_cat-hot-pink-power-girl-collection","7":"product_cat-bags-cases","8":"product_cat-pencil-case-pouch","10":"first","11":"instock","12":"shipping-taxable","13":"product-type-simple"},"_links":{"self":[{"href":"http:\/\/shinyyoustationery.com\/de\/wp-json\/wp\/v2\/product\/33730","targetHints":{"allow":["GET"]}}],"collection":[{"href":"http:\/\/shinyyoustationery.com\/de\/wp-json\/wp\/v2\/product"}],"about":[{"href":"http:\/\/shinyyoustationery.com\/de\/wp-json\/wp\/v2\/types\/product"}],"version-history":[{"count":0,"href":"http:\/\/shinyyoustationery.com\/de\/wp-json\/wp\/v2\/product\/33730\/revisions"}],"wp:featuredmedia":[{"embeddable":true,"href":"http:\/\/shinyyoustationery.com\/de\/wp-json\/wp\/v2\/media\/33732"}],"wp:attachment":[{"href":"http:\/\/shinyyoustationery.com\/de\/wp-json\/wp\/v2\/media?parent=33730"}],"wp:term":[{"taxonomy":"product_brand","embeddable":true,"href":"http:\/\/shinyyoustationery.com\/de\/wp-json\/wp\/v2\/product_brand?post=33730"},{"taxonomy":"product_cat","embeddable":true,"href":"http:\/\/shinyyoustationery.com\/de\/wp-json\/wp\/v2\/product_cat?post=33730"},{"taxonomy":"product_tag","embeddable":true,"href":"http:\/\/shinyyoustationery.com\/de\/wp-json\/wp\/v2\/product_tag?post=33730"}],"curies":[{"name":"wp","href":"https:\/\/api.w.org\/{rel}","templated":true}]}}