{"id":33735,"date":"2025-06-26T21:31:30","date_gmt":"2025-06-27T05:31:30","guid":{"rendered":"http:\/\/45.63.70.205\/?post_type=product&#038;p=33735"},"modified":"2025-07-14T00:57:17","modified_gmt":"2025-07-14T08:57:17","slug":"colorful-iridescent-pencil-case-with-heart-pom-pom-fun-and-fashionable-organizer","status":"publish","type":"product","link":"http:\/\/shinyyoustationery.com\/de\/colorful-iridescent-pencil-case-with-heart-pom-pom-fun-and-fashionable-organizer\/","title":{"rendered":"Bunte schillernde Federmappe mit Herz &amp; Pom Pom Spa\u00df und modischen Organizer"},"content":{"rendered":"","protected":false},"excerpt":{"rendered":"<p>Verleihen Sie Ihrer Schreibwarensammlung einen verspielten Touch mit diesem schillernden M\u00e4ppchen. Mit dem niedlichen Herzdesign und dem flauschigen Bommel-Rei\u00dfverschluss ist diese leuchtende, mehrfarbige Tasche perfekt, um Ihre Stifte, Bleistifte und kleinen Accessoires zu organisieren. Die gl\u00e4nzende, regenbogenartige Oberfl\u00e4che f\u00e4ngt das Licht auf einzigartige Weise ein und macht sie sowohl funktional als auch modisch. Ideal f\u00fcr Studenten, K\u00fcnstler und alle, die ihren allt\u00e4glichen Gegenst\u00e4nden gerne einen Hauch von Farbe verleihen!<\/p>","protected":false},"featured_media":33737,"template":"","meta":[],"product_brand":[],"product_cat":[520,404,700],"product_tag":[],"class_list":{"0":"post-33735","1":"product","2":"type-product","3":"status-publish","4":"has-post-thumbnail","6":"product_cat-pencil-case-pouch","7":"product_cat-bags-cases","8":"product_cat-hot-pink-power-girl-collection","10":"first","11":"instock","12":"shipping-taxable","13":"product-type-simple"},"_links":{"self":[{"href":"http:\/\/shinyyoustationery.com\/de\/wp-json\/wp\/v2\/product\/33735","targetHints":{"allow":["GET"]}}],"collection":[{"href":"http:\/\/shinyyoustationery.com\/de\/wp-json\/wp\/v2\/product"}],"about":[{"href":"http:\/\/shinyyoustationery.com\/de\/wp-json\/wp\/v2\/types\/product"}],"version-history":[{"count":0,"href":"http:\/\/shinyyoustationery.com\/de\/wp-json\/wp\/v2\/product\/33735\/revisions"}],"wp:featuredmedia":[{"embeddable":true,"href":"http:\/\/shinyyoustationery.com\/de\/wp-json\/wp\/v2\/media\/33737"}],"wp:attachment":[{"href":"http:\/\/shinyyoustationery.com\/de\/wp-json\/wp\/v2\/media?parent=33735"}],"wp:term":[{"taxonomy":"product_brand","embeddable":true,"href":"http:\/\/shinyyoustationery.com\/de\/wp-json\/wp\/v2\/product_brand?post=33735"},{"taxonomy":"product_cat","embeddable":true,"href":"http:\/\/shinyyoustationery.com\/de\/wp-json\/wp\/v2\/product_cat?post=33735"},{"taxonomy":"product_tag","embeddable":true,"href":"http:\/\/shinyyoustationery.com\/de\/wp-json\/wp\/v2\/product_tag?post=33735"}],"curies":[{"name":"wp","href":"https:\/\/api.w.org\/{rel}","templated":true}]}}