{"id":33743,"date":"2025-06-26T21:44:32","date_gmt":"2025-06-27T05:44:32","guid":{"rendered":"http:\/\/45.63.70.205\/?post_type=product&#038;p=33743"},"modified":"2025-07-14T00:57:44","modified_gmt":"2025-07-14T08:57:44","slug":"magic-themed-iridescent-pencil-case-with-pom-pom-fun-and-whimsical-organizer","status":"publish","type":"product","link":"http:\/\/shinyyoustationery.com\/de\/magic-themed-iridescent-pencil-case-with-pom-pom-fun-and-whimsical-organizer\/","title":{"rendered":"Magie-Thema schillernde Federmappe mit Pom Pom Spa\u00df und skurrilen Organizer"},"content":{"rendered":"","protected":false},"excerpt":{"rendered":"<p>Dieses magische, schillernde Federm\u00e4ppchen bringt einen Hauch von Zauber in Ihre Alltagsutensilien. Mit dem Wort \"Magic\" in kr\u00e4ftiger rosa Schrift und einem bunten Bommel-Rei\u00dfverschluss ist dieses lustige und stilvolle Etui perfekt f\u00fcr die Aufbewahrung von Stiften, Bleistiften und anderen kleinen Dingen. Die leuchtenden Farben ver\u00e4ndern sich bei Lichteinfall und verleihen dem Etui einen skurrilen Charme, der perfekt f\u00fcr Studenten, K\u00fcnstler und alle ist, die ein bisschen Magie in ihrem Alltag lieben.<\/p>","protected":false},"featured_media":33745,"template":"","meta":[],"product_brand":[],"product_cat":[520,404,700],"product_tag":[],"class_list":{"0":"post-33743","1":"product","2":"type-product","3":"status-publish","4":"has-post-thumbnail","6":"product_cat-pencil-case-pouch","7":"product_cat-bags-cases","8":"product_cat-hot-pink-power-girl-collection","10":"first","11":"instock","12":"shipping-taxable","13":"product-type-simple"},"_links":{"self":[{"href":"http:\/\/shinyyoustationery.com\/de\/wp-json\/wp\/v2\/product\/33743","targetHints":{"allow":["GET"]}}],"collection":[{"href":"http:\/\/shinyyoustationery.com\/de\/wp-json\/wp\/v2\/product"}],"about":[{"href":"http:\/\/shinyyoustationery.com\/de\/wp-json\/wp\/v2\/types\/product"}],"version-history":[{"count":0,"href":"http:\/\/shinyyoustationery.com\/de\/wp-json\/wp\/v2\/product\/33743\/revisions"}],"wp:featuredmedia":[{"embeddable":true,"href":"http:\/\/shinyyoustationery.com\/de\/wp-json\/wp\/v2\/media\/33745"}],"wp:attachment":[{"href":"http:\/\/shinyyoustationery.com\/de\/wp-json\/wp\/v2\/media?parent=33743"}],"wp:term":[{"taxonomy":"product_brand","embeddable":true,"href":"http:\/\/shinyyoustationery.com\/de\/wp-json\/wp\/v2\/product_brand?post=33743"},{"taxonomy":"product_cat","embeddable":true,"href":"http:\/\/shinyyoustationery.com\/de\/wp-json\/wp\/v2\/product_cat?post=33743"},{"taxonomy":"product_tag","embeddable":true,"href":"http:\/\/shinyyoustationery.com\/de\/wp-json\/wp\/v2\/product_tag?post=33743"}],"curies":[{"name":"wp","href":"https:\/\/api.w.org\/{rel}","templated":true}]}}