{"id":33748,"date":"2025-06-26T21:46:38","date_gmt":"2025-06-27T05:46:38","guid":{"rendered":"http:\/\/45.63.70.205\/?post_type=product&#038;p=33748"},"modified":"2025-06-26T21:51:02","modified_gmt":"2025-06-27T05:51:02","slug":"enjoy-themed-iridescent-pencil-case-vibrant-fun-and-practical-organizer","status":"publish","type":"product","link":"http:\/\/shinyyoustationery.com\/de\/enjoy-themed-iridescent-pencil-case-vibrant-fun-and-practical-organizer\/","title":{"rendered":"Thematisch schillerndes Federm\u00e4ppchen Lebendiger, lustiger und praktischer Organizer"},"content":{"rendered":"","protected":false},"excerpt":{"rendered":"<p>Dieses schillernde Federm\u00e4ppchen bringt Farbe und Freude in Ihre t\u00e4glichen Utensilien. Mit dem fr\u00f6hlichen \"ENJOY\"-Slogan und einem Smiley-Gesicht ist dieses lustige und stilvolle M\u00e4ppchen perfekt geeignet, um Ihren Schul- oder B\u00fcroutensilien eine positive Note zu verleihen. Das farbenfrohe, schimmernde Design und der pinkfarbene Rei\u00dfverschluss machen es zu einem echten Hingucker und gleichzeitig zu einem praktischen Organizer f\u00fcr Stifte, Bleistifte und kleine Accessoires. Ob in der Schule, bei der Arbeit oder auf Reisen, dieses M\u00e4ppchen wird mit Sicherheit gute Laune verbreiten!<\/p>","protected":false},"featured_media":33750,"template":"","meta":[],"product_brand":[],"product_cat":[520,404,700],"product_tag":[],"class_list":{"0":"post-33748","1":"product","2":"type-product","3":"status-publish","4":"has-post-thumbnail","6":"product_cat-pencil-case-pouch","7":"product_cat-bags-cases","8":"product_cat-hot-pink-power-girl-collection","10":"first","11":"instock","12":"shipping-taxable","13":"product-type-simple"},"_links":{"self":[{"href":"http:\/\/shinyyoustationery.com\/de\/wp-json\/wp\/v2\/product\/33748","targetHints":{"allow":["GET"]}}],"collection":[{"href":"http:\/\/shinyyoustationery.com\/de\/wp-json\/wp\/v2\/product"}],"about":[{"href":"http:\/\/shinyyoustationery.com\/de\/wp-json\/wp\/v2\/types\/product"}],"version-history":[{"count":0,"href":"http:\/\/shinyyoustationery.com\/de\/wp-json\/wp\/v2\/product\/33748\/revisions"}],"wp:featuredmedia":[{"embeddable":true,"href":"http:\/\/shinyyoustationery.com\/de\/wp-json\/wp\/v2\/media\/33750"}],"wp:attachment":[{"href":"http:\/\/shinyyoustationery.com\/de\/wp-json\/wp\/v2\/media?parent=33748"}],"wp:term":[{"taxonomy":"product_brand","embeddable":true,"href":"http:\/\/shinyyoustationery.com\/de\/wp-json\/wp\/v2\/product_brand?post=33748"},{"taxonomy":"product_cat","embeddable":true,"href":"http:\/\/shinyyoustationery.com\/de\/wp-json\/wp\/v2\/product_cat?post=33748"},{"taxonomy":"product_tag","embeddable":true,"href":"http:\/\/shinyyoustationery.com\/de\/wp-json\/wp\/v2\/product_tag?post=33748"}],"curies":[{"name":"wp","href":"https:\/\/api.w.org\/{rel}","templated":true}]}}