{"id":33752,"date":"2025-06-26T21:57:16","date_gmt":"2025-06-27T05:57:16","guid":{"rendered":"http:\/\/45.63.70.205\/?post_type=product&#038;p=33752"},"modified":"2025-06-26T22:00:01","modified_gmt":"2025-06-27T06:00:01","slug":"i-am-very-busy-iridescent-pencil-case-fun-and-bold-organizer","status":"publish","type":"product","link":"http:\/\/shinyyoustationery.com\/de\/i-am-very-busy-iridescent-pencil-case-fun-and-bold-organizer\/","title":{"rendered":"I Am Very Busy Iridescent Pencil Case Fun and Bold Organizer"},"content":{"rendered":"","protected":false},"excerpt":{"rendered":"<p>Dieses auff\u00e4llige, schillernde M\u00e4ppchen mit dem Schriftzug \"I AM VERY BUSY\" in leuchtendem Pink ist perfekt f\u00fcr alle, die einen gesch\u00e4ftigen, lebhaften Lebensstil f\u00fchren. Das gl\u00e4nzende, farbwechselnde Material und das verspielte Design machen es zu einem witzigen und stilvollen Accessoire f\u00fcr die Aufbewahrung von Stiften, Bleistiften und anderen wichtigen Dingen. Ideal f\u00fcr Studenten, Berufst\u00e4tige und alle, die ihre Vorr\u00e4te ordentlich aufbewahren und ihrem Alltag einen Hauch von Pers\u00f6nlichkeit verleihen wollen!<\/p>","protected":false},"featured_media":33753,"template":"","meta":[],"product_brand":[],"product_cat":[520,404,700],"product_tag":[],"class_list":{"0":"post-33752","1":"product","2":"type-product","3":"status-publish","4":"has-post-thumbnail","6":"product_cat-pencil-case-pouch","7":"product_cat-bags-cases","8":"product_cat-hot-pink-power-girl-collection","10":"first","11":"instock","12":"shipping-taxable","13":"product-type-simple"},"_links":{"self":[{"href":"http:\/\/shinyyoustationery.com\/de\/wp-json\/wp\/v2\/product\/33752","targetHints":{"allow":["GET"]}}],"collection":[{"href":"http:\/\/shinyyoustationery.com\/de\/wp-json\/wp\/v2\/product"}],"about":[{"href":"http:\/\/shinyyoustationery.com\/de\/wp-json\/wp\/v2\/types\/product"}],"version-history":[{"count":0,"href":"http:\/\/shinyyoustationery.com\/de\/wp-json\/wp\/v2\/product\/33752\/revisions"}],"wp:featuredmedia":[{"embeddable":true,"href":"http:\/\/shinyyoustationery.com\/de\/wp-json\/wp\/v2\/media\/33753"}],"wp:attachment":[{"href":"http:\/\/shinyyoustationery.com\/de\/wp-json\/wp\/v2\/media?parent=33752"}],"wp:term":[{"taxonomy":"product_brand","embeddable":true,"href":"http:\/\/shinyyoustationery.com\/de\/wp-json\/wp\/v2\/product_brand?post=33752"},{"taxonomy":"product_cat","embeddable":true,"href":"http:\/\/shinyyoustationery.com\/de\/wp-json\/wp\/v2\/product_cat?post=33752"},{"taxonomy":"product_tag","embeddable":true,"href":"http:\/\/shinyyoustationery.com\/de\/wp-json\/wp\/v2\/product_tag?post=33752"}],"curies":[{"name":"wp","href":"https:\/\/api.w.org\/{rel}","templated":true}]}}