{"id":33757,"date":"2025-06-26T22:00:35","date_gmt":"2025-06-27T06:00:35","guid":{"rendered":"http:\/\/45.63.70.205\/?post_type=product&#038;p=33757"},"modified":"2025-06-26T22:02:39","modified_gmt":"2025-06-27T06:02:39","slug":"iridescent-sunglasses-inspired-pencil-case-fun-and-fashionable-organizer","status":"publish","type":"product","link":"http:\/\/shinyyoustationery.com\/de\/iridescent-sunglasses-inspired-pencil-case-fun-and-fashionable-organizer\/","title":{"rendered":"Schillernde Sonnenbrille-inspirierte Federmappe Spa\u00df und modischen Organizer"},"content":{"rendered":"","protected":false},"excerpt":{"rendered":"<p>Dieses verspielte, von einer Sonnenbrille inspirierte Federm\u00e4ppchen ist eine stilvolle Art, Ihre wichtigsten Dinge zu organisieren. Mit seiner schillernden Oberfl\u00e4che, die die Farben von Rosa zu Blau wechselt, bietet es ein einzigartiges Design, das an eine trendige Katzenaugen-Sonnenbrille erinnert. Der Rei\u00dfverschluss in leuchtendem Pink und das transparente Geh\u00e4use machen sie zu einem witzigen und funktionalen Accessoire f\u00fcr Studenten, K\u00fcnstler und alle, die ausgefallene und auff\u00e4llige Designs lieben. Perfekt, um Ihre Stifte, Bleistifte oder andere kleine Gegenst\u00e4nde auf modische Art und Weise zu organisieren!<\/p>","protected":false},"featured_media":33753,"template":"","meta":[],"product_brand":[],"product_cat":[520,404,700],"product_tag":[],"class_list":{"0":"post-33757","1":"product","2":"type-product","3":"status-publish","4":"has-post-thumbnail","6":"product_cat-pencil-case-pouch","7":"product_cat-bags-cases","8":"product_cat-hot-pink-power-girl-collection","10":"first","11":"instock","12":"shipping-taxable","13":"product-type-simple"},"_links":{"self":[{"href":"http:\/\/shinyyoustationery.com\/de\/wp-json\/wp\/v2\/product\/33757","targetHints":{"allow":["GET"]}}],"collection":[{"href":"http:\/\/shinyyoustationery.com\/de\/wp-json\/wp\/v2\/product"}],"about":[{"href":"http:\/\/shinyyoustationery.com\/de\/wp-json\/wp\/v2\/types\/product"}],"version-history":[{"count":0,"href":"http:\/\/shinyyoustationery.com\/de\/wp-json\/wp\/v2\/product\/33757\/revisions"}],"wp:featuredmedia":[{"embeddable":true,"href":"http:\/\/shinyyoustationery.com\/de\/wp-json\/wp\/v2\/media\/33753"}],"wp:attachment":[{"href":"http:\/\/shinyyoustationery.com\/de\/wp-json\/wp\/v2\/media?parent=33757"}],"wp:term":[{"taxonomy":"product_brand","embeddable":true,"href":"http:\/\/shinyyoustationery.com\/de\/wp-json\/wp\/v2\/product_brand?post=33757"},{"taxonomy":"product_cat","embeddable":true,"href":"http:\/\/shinyyoustationery.com\/de\/wp-json\/wp\/v2\/product_cat?post=33757"},{"taxonomy":"product_tag","embeddable":true,"href":"http:\/\/shinyyoustationery.com\/de\/wp-json\/wp\/v2\/product_tag?post=33757"}],"curies":[{"name":"wp","href":"https:\/\/api.w.org\/{rel}","templated":true}]}}