{"id":33764,"date":"2025-06-26T22:26:31","date_gmt":"2025-06-27T06:26:31","guid":{"rendered":"http:\/\/45.63.70.205\/?post_type=product&#038;p=33764"},"modified":"2025-06-26T22:29:04","modified_gmt":"2025-06-27T06:29:04","slug":"iridescent-floral-pouch-with-pom-pom-cute-and-playful-accessory","status":"publish","type":"product","link":"http:\/\/shinyyoustationery.com\/de\/iridescent-floral-pouch-with-pom-pom-cute-and-playful-accessory\/","title":{"rendered":"Schillernde Floral Pouch mit Pom Pom Niedliches und verspieltes Accessoire"},"content":{"rendered":"","protected":false},"excerpt":{"rendered":"<p>Dieses bezaubernde, schillernde T\u00e4schchen ist mit einer leuchtend pinken Bommel und einem blumenf\u00f6rmigen Rei\u00dfverschluss versehen, was es zu einem lustigen und auff\u00e4lligen Accessoire macht. Mit seinem subtilen Farbwechsel-Design ist es perfekt, um kleine Dinge wie Make-up, M\u00fcnzen oder Schreibwaren zu organisieren. Die verspielten rosafarbenen Streifen und die Blume verleihen ihr einen niedlichen Touch und machen sie ideal f\u00fcr Studenten, Reisende oder alle, die schrullige und bunte Accessoires lieben. Kompakt und doch stilvoll - perfekt, um das Wesentliche stilvoll zu transportieren!<\/p>","protected":false},"featured_media":33765,"template":"","meta":[],"product_brand":[],"product_cat":[520,404,700],"product_tag":[],"class_list":{"0":"post-33764","1":"product","2":"type-product","3":"status-publish","4":"has-post-thumbnail","6":"product_cat-pencil-case-pouch","7":"product_cat-bags-cases","8":"product_cat-hot-pink-power-girl-collection","10":"first","11":"instock","12":"shipping-taxable","13":"product-type-simple"},"_links":{"self":[{"href":"http:\/\/shinyyoustationery.com\/de\/wp-json\/wp\/v2\/product\/33764","targetHints":{"allow":["GET"]}}],"collection":[{"href":"http:\/\/shinyyoustationery.com\/de\/wp-json\/wp\/v2\/product"}],"about":[{"href":"http:\/\/shinyyoustationery.com\/de\/wp-json\/wp\/v2\/types\/product"}],"version-history":[{"count":0,"href":"http:\/\/shinyyoustationery.com\/de\/wp-json\/wp\/v2\/product\/33764\/revisions"}],"wp:featuredmedia":[{"embeddable":true,"href":"http:\/\/shinyyoustationery.com\/de\/wp-json\/wp\/v2\/media\/33765"}],"wp:attachment":[{"href":"http:\/\/shinyyoustationery.com\/de\/wp-json\/wp\/v2\/media?parent=33764"}],"wp:term":[{"taxonomy":"product_brand","embeddable":true,"href":"http:\/\/shinyyoustationery.com\/de\/wp-json\/wp\/v2\/product_brand?post=33764"},{"taxonomy":"product_cat","embeddable":true,"href":"http:\/\/shinyyoustationery.com\/de\/wp-json\/wp\/v2\/product_cat?post=33764"},{"taxonomy":"product_tag","embeddable":true,"href":"http:\/\/shinyyoustationery.com\/de\/wp-json\/wp\/v2\/product_tag?post=33764"}],"curies":[{"name":"wp","href":"https:\/\/api.w.org\/{rel}","templated":true}]}}