{"id":33779,"date":"2025-06-26T22:52:44","date_gmt":"2025-06-27T06:52:44","guid":{"rendered":"http:\/\/45.63.70.205\/?post_type=product&#038;p=33779"},"modified":"2025-07-07T15:23:18","modified_gmt":"2025-07-07T07:23:18","slug":"pink-heart-studded-pencil-case-trendy-organizer-for-school-or-travel","status":"publish","type":"product","link":"http:\/\/shinyyoustationery.com\/de\/pink-heart-studded-pencil-case-trendy-organizer-for-school-or-travel\/","title":{"rendered":"Rosa Herz Nieten Federm\u00e4ppchen - Trendy Organizer f\u00fcr Schule oder Reise"},"content":{"rendered":"","protected":false},"excerpt":{"rendered":"<p>Dieses verspielte rosafarbene Federm\u00e4ppchen mit gl\u00e4nzenden herzf\u00f6rmigen Nieten verleiht Ihren Schul- oder Reiseutensilien einen trendigen Touch. Das transparente Material erm\u00f6glicht es Ihnen, Ihre Stifte, Bleistifte oder kleine Accessoires leicht zu sehen und zu organisieren. Perfekt f\u00fcr Studenten, K\u00fcnstler und alle, die lustige und stilvolle Accessoires lieben. Das kompakte Design macht sie ideal f\u00fcr unterwegs und sorgt f\u00fcr eine schicke Organisation Ihrer Utensilien.<\/p>","protected":false},"featured_media":33780,"template":"","meta":[],"product_brand":[],"product_cat":[404,477,520,700,716],"product_tag":[],"class_list":{"0":"post-33779","1":"product","2":"type-product","3":"status-publish","4":"has-post-thumbnail","6":"product_cat-bags-cases","7":"product_cat-school-bags","8":"product_cat-pencil-case-pouch","9":"product_cat-hot-pink-power-girl-collection","10":"product_cat-coin-purse","12":"first","13":"instock","14":"shipping-taxable","15":"product-type-simple"},"_links":{"self":[{"href":"http:\/\/shinyyoustationery.com\/de\/wp-json\/wp\/v2\/product\/33779","targetHints":{"allow":["GET"]}}],"collection":[{"href":"http:\/\/shinyyoustationery.com\/de\/wp-json\/wp\/v2\/product"}],"about":[{"href":"http:\/\/shinyyoustationery.com\/de\/wp-json\/wp\/v2\/types\/product"}],"version-history":[{"count":0,"href":"http:\/\/shinyyoustationery.com\/de\/wp-json\/wp\/v2\/product\/33779\/revisions"}],"wp:featuredmedia":[{"embeddable":true,"href":"http:\/\/shinyyoustationery.com\/de\/wp-json\/wp\/v2\/media\/33780"}],"wp:attachment":[{"href":"http:\/\/shinyyoustationery.com\/de\/wp-json\/wp\/v2\/media?parent=33779"}],"wp:term":[{"taxonomy":"product_brand","embeddable":true,"href":"http:\/\/shinyyoustationery.com\/de\/wp-json\/wp\/v2\/product_brand?post=33779"},{"taxonomy":"product_cat","embeddable":true,"href":"http:\/\/shinyyoustationery.com\/de\/wp-json\/wp\/v2\/product_cat?post=33779"},{"taxonomy":"product_tag","embeddable":true,"href":"http:\/\/shinyyoustationery.com\/de\/wp-json\/wp\/v2\/product_tag?post=33779"}],"curies":[{"name":"wp","href":"https:\/\/api.w.org\/{rel}","templated":true}]}}