{"id":33783,"date":"2025-06-26T23:20:17","date_gmt":"2025-06-27T07:20:17","guid":{"rendered":"http:\/\/45.63.70.205\/?post_type=product&#038;p=33783"},"modified":"2025-06-26T23:20:17","modified_gmt":"2025-06-27T07:20:17","slug":"pink-iridescent-mini-backpack-stylish-fun-for-teens-and-kids","status":"publish","type":"product","link":"http:\/\/shinyyoustationery.com\/de\/pink-iridescent-mini-backpack-stylish-fun-for-teens-and-kids\/","title":{"rendered":"Rosa schillernder Mini-Rucksack - Stylisch &amp; lustig f\u00fcr Teenager und Kinder"},"content":{"rendered":"","protected":false},"excerpt":{"rendered":"<p>Dieser auff\u00e4llige Mini-Rucksack in leuchtendem Pink ist perfekt f\u00fcr alle, die auff\u00e4llige, bunte Accessoires lieben. Mit seinem goldenen Rei\u00dfverschluss und dem schlanken Design ist er sowohl modisch als auch praktisch f\u00fcr den t\u00e4glichen Bedarf, sei es f\u00fcr die Schule, f\u00fcr Reisen oder f\u00fcr Freizeitausfl\u00fcge. Die kompakte Gr\u00f6\u00dfe und das gl\u00e4nzende Finish machen die Tasche zu einem echten Hingucker f\u00fcr alle, die ihrer Garderobe einen Hauch von Spa\u00df und Stil verleihen m\u00f6chten!<\/p>","protected":false},"featured_media":33784,"template":"","meta":[],"product_brand":[],"product_cat":[700,517,518],"product_tag":[],"class_list":{"0":"post-33783","1":"product","2":"type-product","3":"status-publish","4":"has-post-thumbnail","6":"product_cat-hot-pink-power-girl-collection","7":"product_cat-backpack","8":"product_cat-school-backpack","10":"first","11":"instock","12":"shipping-taxable","13":"product-type-simple"},"_links":{"self":[{"href":"http:\/\/shinyyoustationery.com\/de\/wp-json\/wp\/v2\/product\/33783","targetHints":{"allow":["GET"]}}],"collection":[{"href":"http:\/\/shinyyoustationery.com\/de\/wp-json\/wp\/v2\/product"}],"about":[{"href":"http:\/\/shinyyoustationery.com\/de\/wp-json\/wp\/v2\/types\/product"}],"version-history":[{"count":0,"href":"http:\/\/shinyyoustationery.com\/de\/wp-json\/wp\/v2\/product\/33783\/revisions"}],"wp:featuredmedia":[{"embeddable":true,"href":"http:\/\/shinyyoustationery.com\/de\/wp-json\/wp\/v2\/media\/33784"}],"wp:attachment":[{"href":"http:\/\/shinyyoustationery.com\/de\/wp-json\/wp\/v2\/media?parent=33783"}],"wp:term":[{"taxonomy":"product_brand","embeddable":true,"href":"http:\/\/shinyyoustationery.com\/de\/wp-json\/wp\/v2\/product_brand?post=33783"},{"taxonomy":"product_cat","embeddable":true,"href":"http:\/\/shinyyoustationery.com\/de\/wp-json\/wp\/v2\/product_cat?post=33783"},{"taxonomy":"product_tag","embeddable":true,"href":"http:\/\/shinyyoustationery.com\/de\/wp-json\/wp\/v2\/product_tag?post=33783"}],"curies":[{"name":"wp","href":"https:\/\/api.w.org\/{rel}","templated":true}]}}