{"id":33787,"date":"2025-06-26T23:23:57","date_gmt":"2025-06-27T07:23:57","guid":{"rendered":"http:\/\/45.63.70.205\/?post_type=product&#038;p=33787"},"modified":"2025-07-07T15:32:26","modified_gmt":"2025-07-07T07:32:26","slug":"hot-pink-tote-bag-stylish-and-fun-eco-friendly-bag-for-book-lovers","status":"publish","type":"product","link":"http:\/\/shinyyoustationery.com\/de\/hot-pink-tote-bag-stylish-and-fun-eco-friendly-bag-for-book-lovers\/","title":{"rendered":"Hot Pink Tote Bag - Stylische und lustige umweltfreundliche Tasche f\u00fcr B\u00fccherliebhaber"},"content":{"rendered":"","protected":false},"excerpt":{"rendered":"<p>Zeigen Sie Ihre Liebe zu B\u00fcchern mit diesem mutigen <strong data-start=\"168\" data-end=\"189\">\"Lesen ist sexy\"<\/strong> pinke Tragetasche! Diese auff\u00e4llige Tasche aus strapazierf\u00e4higem Stoff eignet sich perfekt f\u00fcr den Transport von B\u00fcchern, Lebensmitteln oder anderen Dingen des t\u00e4glichen Bedarfs. Die leuchtende Farbe und der lustige Slogan machen sie zu einem tollen Accessoire f\u00fcr B\u00fccherliebhaber und alle, die einen verspielten Sinn f\u00fcr Stil haben. Ob Sie zur Bibliothek gehen oder Besorgungen machen, diese Tasche ist sowohl praktisch als auch stilvoll.<\/p>","protected":false},"featured_media":33788,"template":"","meta":[],"product_brand":[],"product_cat":[700,517,518,535,705],"product_tag":[],"class_list":{"0":"post-33787","1":"product","2":"type-product","3":"status-publish","4":"has-post-thumbnail","6":"product_cat-hot-pink-power-girl-collection","7":"product_cat-backpack","8":"product_cat-school-backpack","9":"product_cat-storage-bag","10":"product_cat-tote-bag","12":"first","13":"instock","14":"shipping-taxable","15":"product-type-simple"},"_links":{"self":[{"href":"http:\/\/shinyyoustationery.com\/de\/wp-json\/wp\/v2\/product\/33787","targetHints":{"allow":["GET"]}}],"collection":[{"href":"http:\/\/shinyyoustationery.com\/de\/wp-json\/wp\/v2\/product"}],"about":[{"href":"http:\/\/shinyyoustationery.com\/de\/wp-json\/wp\/v2\/types\/product"}],"version-history":[{"count":0,"href":"http:\/\/shinyyoustationery.com\/de\/wp-json\/wp\/v2\/product\/33787\/revisions"}],"wp:featuredmedia":[{"embeddable":true,"href":"http:\/\/shinyyoustationery.com\/de\/wp-json\/wp\/v2\/media\/33788"}],"wp:attachment":[{"href":"http:\/\/shinyyoustationery.com\/de\/wp-json\/wp\/v2\/media?parent=33787"}],"wp:term":[{"taxonomy":"product_brand","embeddable":true,"href":"http:\/\/shinyyoustationery.com\/de\/wp-json\/wp\/v2\/product_brand?post=33787"},{"taxonomy":"product_cat","embeddable":true,"href":"http:\/\/shinyyoustationery.com\/de\/wp-json\/wp\/v2\/product_cat?post=33787"},{"taxonomy":"product_tag","embeddable":true,"href":"http:\/\/shinyyoustationery.com\/de\/wp-json\/wp\/v2\/product_tag?post=33787"}],"curies":[{"name":"wp","href":"https:\/\/api.w.org\/{rel}","templated":true}]}}