{"id":33796,"date":"2025-06-27T00:31:00","date_gmt":"2025-06-27T08:31:00","guid":{"rendered":"http:\/\/45.63.70.205\/?post_type=product&#038;p=33796"},"modified":"2025-06-27T00:33:48","modified_gmt":"2025-06-27T08:33:48","slug":"vibrant-pink-purple-hardtop-pencil-case-for-kids-teens-and-students","status":"publish","type":"product","link":"http:\/\/shinyyoustationery.com\/de\/vibrant-pink-purple-hardtop-pencil-case-for-kids-teens-and-students\/","title":{"rendered":"Lebendiges rosa &amp; lila Hardtop-Federm\u00e4ppchen f\u00fcr Kinder, Jugendliche und Studenten"},"content":{"rendered":"","protected":false},"excerpt":{"rendered":"<p>Bringen Sie mehr Spa\u00df und Ordnung in Ihre Schulsachen mit diesem <strong data-start=\"216\" data-end=\"267\">Funkelnder Regenbogen Lightning Hardtop Federm\u00e4ppchen<\/strong>. Mit seinem farbenfrohen Design aus Regenb\u00f6gen und Blitzen auf einem gl\u00e4nzenden pinkfarbenen und lilafarbenen \u00c4u\u00dferen ist dieses Etui perfekt f\u00fcr Studenten, Teenager oder alle, die lebendige, funktionale Accessoires lieben. Mit seinem robusten Deckel und dem ger\u00e4umigen Innenraum ist es ideal f\u00fcr die Aufbewahrung von Bleistiften, Kugelschreibern und anderen Schreibwaren. Perfekt f\u00fcr den Schulanfang oder als lustiges Geschenk f\u00fcr kreative K\u00f6pfe!<\/p>","protected":false},"featured_media":33798,"template":"","meta":[],"product_brand":[],"product_cat":[700,520],"product_tag":[],"class_list":{"0":"post-33796","1":"product","2":"type-product","3":"status-publish","4":"has-post-thumbnail","6":"product_cat-hot-pink-power-girl-collection","7":"product_cat-pencil-case-pouch","9":"first","10":"instock","11":"shipping-taxable","12":"product-type-simple"},"_links":{"self":[{"href":"http:\/\/shinyyoustationery.com\/de\/wp-json\/wp\/v2\/product\/33796","targetHints":{"allow":["GET"]}}],"collection":[{"href":"http:\/\/shinyyoustationery.com\/de\/wp-json\/wp\/v2\/product"}],"about":[{"href":"http:\/\/shinyyoustationery.com\/de\/wp-json\/wp\/v2\/types\/product"}],"version-history":[{"count":0,"href":"http:\/\/shinyyoustationery.com\/de\/wp-json\/wp\/v2\/product\/33796\/revisions"}],"wp:featuredmedia":[{"embeddable":true,"href":"http:\/\/shinyyoustationery.com\/de\/wp-json\/wp\/v2\/media\/33798"}],"wp:attachment":[{"href":"http:\/\/shinyyoustationery.com\/de\/wp-json\/wp\/v2\/media?parent=33796"}],"wp:term":[{"taxonomy":"product_brand","embeddable":true,"href":"http:\/\/shinyyoustationery.com\/de\/wp-json\/wp\/v2\/product_brand?post=33796"},{"taxonomy":"product_cat","embeddable":true,"href":"http:\/\/shinyyoustationery.com\/de\/wp-json\/wp\/v2\/product_cat?post=33796"},{"taxonomy":"product_tag","embeddable":true,"href":"http:\/\/shinyyoustationery.com\/de\/wp-json\/wp\/v2\/product_tag?post=33796"}],"curies":[{"name":"wp","href":"https:\/\/api.w.org\/{rel}","templated":true}]}}