{"id":33806,"date":"2025-06-27T00:41:51","date_gmt":"2025-06-27T08:41:51","guid":{"rendered":"http:\/\/45.63.70.205\/?post_type=product&#038;p=33806"},"modified":"2025-06-27T00:53:02","modified_gmt":"2025-06-27T08:53:02","slug":"shiny-pink-croc-textured-pencil-case-stylish-zip-pouch-for-school-office-or-travel","status":"publish","type":"product","link":"http:\/\/shinyyoustationery.com\/de\/shiny-pink-croc-textured-pencil-case-stylish-zip-pouch-for-school-office-or-travel\/","title":{"rendered":"Gl\u00e4nzendes rosafarbenes M\u00e4ppchen mit Krokodilstruktur - stylisches Zip-Etui f\u00fcr Schule, B\u00fcro oder Reise"},"content":{"rendered":"","protected":false},"excerpt":{"rendered":"<p>Diese <strong data-start=\"129\" data-end=\"169\">Gl\u00e4nzendes rosa Kroko-M\u00e4ppchen<\/strong> ist perfekt, um Ihren Schul- oder B\u00fcroutensilien einen farbigen und stilvollen Akzent zu verleihen. Mit ihrem gl\u00e4nzenden, krokodilartigen Design in leuchtendem Pink eignet sich diese elegante Rei\u00dfverschlusstasche hervorragend zur Aufbewahrung von Stiften, Bleistiften und kleinen Accessoires. Sie ist kompakt und funktional und eignet sich perfekt f\u00fcr Studenten, Berufst\u00e4tige und alle, die ein schickes und trendiges Accessoire lieben. Ob f\u00fcr den t\u00e4glichen Gebrauch oder auf Reisen, dieses Etui kombiniert Stil mit Funktionalit\u00e4t.<\/p>","protected":false},"featured_media":33807,"template":"","meta":[],"product_brand":[],"product_cat":[700,520],"product_tag":[],"class_list":{"0":"post-33806","1":"product","2":"type-product","3":"status-publish","4":"has-post-thumbnail","6":"product_cat-hot-pink-power-girl-collection","7":"product_cat-pencil-case-pouch","9":"first","10":"instock","11":"shipping-taxable","12":"product-type-simple"},"_links":{"self":[{"href":"http:\/\/shinyyoustationery.com\/de\/wp-json\/wp\/v2\/product\/33806","targetHints":{"allow":["GET"]}}],"collection":[{"href":"http:\/\/shinyyoustationery.com\/de\/wp-json\/wp\/v2\/product"}],"about":[{"href":"http:\/\/shinyyoustationery.com\/de\/wp-json\/wp\/v2\/types\/product"}],"version-history":[{"count":0,"href":"http:\/\/shinyyoustationery.com\/de\/wp-json\/wp\/v2\/product\/33806\/revisions"}],"wp:featuredmedia":[{"embeddable":true,"href":"http:\/\/shinyyoustationery.com\/de\/wp-json\/wp\/v2\/media\/33807"}],"wp:attachment":[{"href":"http:\/\/shinyyoustationery.com\/de\/wp-json\/wp\/v2\/media?parent=33806"}],"wp:term":[{"taxonomy":"product_brand","embeddable":true,"href":"http:\/\/shinyyoustationery.com\/de\/wp-json\/wp\/v2\/product_brand?post=33806"},{"taxonomy":"product_cat","embeddable":true,"href":"http:\/\/shinyyoustationery.com\/de\/wp-json\/wp\/v2\/product_cat?post=33806"},{"taxonomy":"product_tag","embeddable":true,"href":"http:\/\/shinyyoustationery.com\/de\/wp-json\/wp\/v2\/product_tag?post=33806"}],"curies":[{"name":"wp","href":"https:\/\/api.w.org\/{rel}","templated":true}]}}