{"id":33823,"date":"2025-06-27T01:11:55","date_gmt":"2025-06-27T09:11:55","guid":{"rendered":"http:\/\/45.63.70.205\/?post_type=product&#038;p=33823"},"modified":"2025-06-27T01:13:31","modified_gmt":"2025-06-27T09:13:31","slug":"glitter-pink-felt-pencil-case-stylish-and-compact-case-for-school-office-or-travel","status":"publish","type":"product","link":"http:\/\/shinyyoustationery.com\/de\/glitter-pink-felt-pencil-case-stylish-and-compact-case-for-school-office-or-travel\/","title":{"rendered":"Glitter Pink Felt Pencil Case - Stylisches und kompaktes Etui f\u00fcr Schule, B\u00fcro oder Reise"},"content":{"rendered":"","protected":false},"excerpt":{"rendered":"<p>Bringen Sie Ihre Schreibwarensammlung zum Gl\u00e4nzen mit diesem <strong data-start=\"172\" data-end=\"205\">Glitter Pink Filz Federm\u00e4ppchen<\/strong>. Die glatte Filzoberfl\u00e4che mit dezentem Glitzer verleiht Ihren Alltagsutensilien einen Hauch von Glitzer. Perfekt f\u00fcr Studenten, Berufst\u00e4tige und alle, die eine schicke M\u00f6glichkeit suchen, Stifte, Bleistifte und kleine Accessoires zu organisieren. Ob in der Schule, im B\u00fcro oder auf Reisen, dieses kompakte Etui bietet sowohl Stil als auch Funktionalit\u00e4t in einem eleganten Paket.<\/p>","protected":false},"featured_media":33824,"template":"","meta":[],"product_brand":[],"product_cat":[700,520],"product_tag":[],"class_list":{"0":"post-33823","1":"product","2":"type-product","3":"status-publish","4":"has-post-thumbnail","6":"product_cat-hot-pink-power-girl-collection","7":"product_cat-pencil-case-pouch","9":"first","10":"instock","11":"shipping-taxable","12":"product-type-simple"},"_links":{"self":[{"href":"http:\/\/shinyyoustationery.com\/de\/wp-json\/wp\/v2\/product\/33823","targetHints":{"allow":["GET"]}}],"collection":[{"href":"http:\/\/shinyyoustationery.com\/de\/wp-json\/wp\/v2\/product"}],"about":[{"href":"http:\/\/shinyyoustationery.com\/de\/wp-json\/wp\/v2\/types\/product"}],"version-history":[{"count":0,"href":"http:\/\/shinyyoustationery.com\/de\/wp-json\/wp\/v2\/product\/33823\/revisions"}],"wp:featuredmedia":[{"embeddable":true,"href":"http:\/\/shinyyoustationery.com\/de\/wp-json\/wp\/v2\/media\/33824"}],"wp:attachment":[{"href":"http:\/\/shinyyoustationery.com\/de\/wp-json\/wp\/v2\/media?parent=33823"}],"wp:term":[{"taxonomy":"product_brand","embeddable":true,"href":"http:\/\/shinyyoustationery.com\/de\/wp-json\/wp\/v2\/product_brand?post=33823"},{"taxonomy":"product_cat","embeddable":true,"href":"http:\/\/shinyyoustationery.com\/de\/wp-json\/wp\/v2\/product_cat?post=33823"},{"taxonomy":"product_tag","embeddable":true,"href":"http:\/\/shinyyoustationery.com\/de\/wp-json\/wp\/v2\/product_tag?post=33823"}],"curies":[{"name":"wp","href":"https:\/\/api.w.org\/{rel}","templated":true}]}}