{"id":33837,"date":"2025-06-27T01:29:58","date_gmt":"2025-06-27T09:29:58","guid":{"rendered":"http:\/\/45.63.70.205\/?post_type=product&#038;p=33837"},"modified":"2025-06-27T01:31:26","modified_gmt":"2025-06-27T09:31:26","slug":"iridescent-purple-pencil-case-shimmering-metallic-case-for-school-office-or-travel","status":"publish","type":"product","link":"http:\/\/shinyyoustationery.com\/de\/iridescent-purple-pencil-case-shimmering-metallic-case-for-school-office-or-travel\/","title":{"rendered":"Schillerndes lila Federm\u00e4ppchen - Metallisch schimmerndes Etui f\u00fcr Schule, B\u00fcro oder Reise"},"content":{"rendered":"","protected":false},"excerpt":{"rendered":"<p data-start=\"105\" data-end=\"578\">Verleihen Sie Ihrer Schreibwarensammlung einen Hauch von Schimmer mit diesem <strong data-start=\"187\" data-end=\"220\">Schillerndes lila Federm\u00e4ppchen<\/strong>. Dieses elegante Etui mit leuchtendem Metallic-Finish ist perfekt f\u00fcr die Aufbewahrung von Stiften, Bleistiften und anderen kleinen Gegenst\u00e4nden. Der einzigartige schillernde Effekt verleiht ihm ein stilvolles und modernes Aussehen und macht es ideal f\u00fcr Studenten, Berufst\u00e4tige und alle, die ein bisschen Glitzer lieben. Ob in der Schule, im B\u00fcro oder unterwegs, dieses Etui ist sowohl sch\u00f6n als auch funktionell.<\/p>","protected":false},"featured_media":33838,"template":"","meta":[],"product_brand":[],"product_cat":[700,520],"product_tag":[],"class_list":{"0":"post-33837","1":"product","2":"type-product","3":"status-publish","4":"has-post-thumbnail","6":"product_cat-hot-pink-power-girl-collection","7":"product_cat-pencil-case-pouch","9":"first","10":"instock","11":"shipping-taxable","12":"product-type-simple"},"_links":{"self":[{"href":"http:\/\/shinyyoustationery.com\/de\/wp-json\/wp\/v2\/product\/33837","targetHints":{"allow":["GET"]}}],"collection":[{"href":"http:\/\/shinyyoustationery.com\/de\/wp-json\/wp\/v2\/product"}],"about":[{"href":"http:\/\/shinyyoustationery.com\/de\/wp-json\/wp\/v2\/types\/product"}],"version-history":[{"count":0,"href":"http:\/\/shinyyoustationery.com\/de\/wp-json\/wp\/v2\/product\/33837\/revisions"}],"wp:featuredmedia":[{"embeddable":true,"href":"http:\/\/shinyyoustationery.com\/de\/wp-json\/wp\/v2\/media\/33838"}],"wp:attachment":[{"href":"http:\/\/shinyyoustationery.com\/de\/wp-json\/wp\/v2\/media?parent=33837"}],"wp:term":[{"taxonomy":"product_brand","embeddable":true,"href":"http:\/\/shinyyoustationery.com\/de\/wp-json\/wp\/v2\/product_brand?post=33837"},{"taxonomy":"product_cat","embeddable":true,"href":"http:\/\/shinyyoustationery.com\/de\/wp-json\/wp\/v2\/product_cat?post=33837"},{"taxonomy":"product_tag","embeddable":true,"href":"http:\/\/shinyyoustationery.com\/de\/wp-json\/wp\/v2\/product_tag?post=33837"}],"curies":[{"name":"wp","href":"https:\/\/api.w.org\/{rel}","templated":true}]}}