{"id":33842,"date":"2025-06-27T01:33:56","date_gmt":"2025-06-27T09:33:56","guid":{"rendered":"http:\/\/45.63.70.205\/?post_type=product&#038;p=33842"},"modified":"2025-06-27T02:11:51","modified_gmt":"2025-06-27T10:11:51","slug":"iridescent-purple-pencil-case-stylish-and-compact-case-for-school-office","status":"publish","type":"product","link":"http:\/\/shinyyoustationery.com\/de\/iridescent-purple-pencil-case-stylish-and-compact-case-for-school-office\/","title":{"rendered":"Schillerndes lila Federm\u00e4ppchen - Stilvolles und kompaktes Etui f\u00fcr Schule &amp; B\u00fcro"},"content":{"rendered":"","protected":false},"excerpt":{"rendered":"<p data-start=\"105\" data-end=\"578\">Diese <strong data-start=\"132\" data-end=\"165\">Schillerndes lila Federm\u00e4ppchen<\/strong> ist die perfekte Mischung aus Stil und Zweckm\u00e4\u00dfigkeit. Das metallisch gl\u00e4nzende, lila Finish macht ihn zu einem lustigen und modernen Accessoire f\u00fcr Studenten, Berufst\u00e4tige und alle, die einen Farbakzent auf ihrem Schreibtisch oder in ihrer Reisetasche setzen wollen. Mit seiner kompakten Gr\u00f6\u00dfe und seinem eleganten Design ist er ideal f\u00fcr die Aufbewahrung von Stiften, Bleistiften und kleinen Schreibwaren. Egal, ob Sie zur Schule, ins B\u00fcro oder auf Reisen gehen, in diesem M\u00e4ppchen sind Ihre wichtigsten Utensilien gut organisiert und leicht zu erreichen.<\/p>","protected":false},"featured_media":33843,"template":"","meta":[],"product_brand":[],"product_cat":[700,520],"product_tag":[],"class_list":{"0":"post-33842","1":"product","2":"type-product","3":"status-publish","4":"has-post-thumbnail","6":"product_cat-hot-pink-power-girl-collection","7":"product_cat-pencil-case-pouch","9":"first","10":"instock","11":"shipping-taxable","12":"product-type-simple"},"_links":{"self":[{"href":"http:\/\/shinyyoustationery.com\/de\/wp-json\/wp\/v2\/product\/33842","targetHints":{"allow":["GET"]}}],"collection":[{"href":"http:\/\/shinyyoustationery.com\/de\/wp-json\/wp\/v2\/product"}],"about":[{"href":"http:\/\/shinyyoustationery.com\/de\/wp-json\/wp\/v2\/types\/product"}],"version-history":[{"count":0,"href":"http:\/\/shinyyoustationery.com\/de\/wp-json\/wp\/v2\/product\/33842\/revisions"}],"wp:featuredmedia":[{"embeddable":true,"href":"http:\/\/shinyyoustationery.com\/de\/wp-json\/wp\/v2\/media\/33843"}],"wp:attachment":[{"href":"http:\/\/shinyyoustationery.com\/de\/wp-json\/wp\/v2\/media?parent=33842"}],"wp:term":[{"taxonomy":"product_brand","embeddable":true,"href":"http:\/\/shinyyoustationery.com\/de\/wp-json\/wp\/v2\/product_brand?post=33842"},{"taxonomy":"product_cat","embeddable":true,"href":"http:\/\/shinyyoustationery.com\/de\/wp-json\/wp\/v2\/product_cat?post=33842"},{"taxonomy":"product_tag","embeddable":true,"href":"http:\/\/shinyyoustationery.com\/de\/wp-json\/wp\/v2\/product_tag?post=33842"}],"curies":[{"name":"wp","href":"https:\/\/api.w.org\/{rel}","templated":true}]}}