{"id":33857,"date":"2025-06-27T02:26:22","date_gmt":"2025-06-27T10:26:22","guid":{"rendered":"http:\/\/45.63.70.205\/?post_type=product&#038;p=33857"},"modified":"2025-06-27T02:29:18","modified_gmt":"2025-06-27T10:29:18","slug":"shiny-purple-pencil-case-sleek-compact-organizer-for-school-office-or-travel","status":"publish","type":"product","link":"http:\/\/shinyyoustationery.com\/de\/shiny-purple-pencil-case-sleek-compact-organizer-for-school-office-or-travel\/","title":{"rendered":"Gl\u00e4nzendes lila Federm\u00e4ppchen - eleganter, kompakter Organizer f\u00fcr Schule, B\u00fcro oder Reisen"},"content":{"rendered":"","protected":false},"excerpt":{"rendered":"<p data-start=\"105\" data-end=\"578\">Organisieren Sie Ihre wichtigsten Utensilien mit diesem <strong data-start=\"154\" data-end=\"182\">Gl\u00e4nzend lila Federtasche<\/strong>mit einem eleganten Metallic-Finish. Dieses kompakte Etui ist ideal f\u00fcr Studenten, Berufst\u00e4tige und alle, die viel unterwegs sind, um Stifte, Bleistifte und kleine Accessoires ordentlich aufzubewahren. Sein schlankes Design und die leuchtende Farbe machen es zu einer witzigen und funktionalen Erg\u00e4nzung Ihrer t\u00e4glichen Ausr\u00fcstung, egal ob Sie in der Schule, im B\u00fcro oder auf Reisen sind.<\/p>","protected":false},"featured_media":33858,"template":"","meta":[],"product_brand":[],"product_cat":[700,520],"product_tag":[],"class_list":{"0":"post-33857","1":"product","2":"type-product","3":"status-publish","4":"has-post-thumbnail","6":"product_cat-hot-pink-power-girl-collection","7":"product_cat-pencil-case-pouch","9":"first","10":"instock","11":"shipping-taxable","12":"product-type-simple"},"_links":{"self":[{"href":"http:\/\/shinyyoustationery.com\/de\/wp-json\/wp\/v2\/product\/33857","targetHints":{"allow":["GET"]}}],"collection":[{"href":"http:\/\/shinyyoustationery.com\/de\/wp-json\/wp\/v2\/product"}],"about":[{"href":"http:\/\/shinyyoustationery.com\/de\/wp-json\/wp\/v2\/types\/product"}],"version-history":[{"count":0,"href":"http:\/\/shinyyoustationery.com\/de\/wp-json\/wp\/v2\/product\/33857\/revisions"}],"wp:featuredmedia":[{"embeddable":true,"href":"http:\/\/shinyyoustationery.com\/de\/wp-json\/wp\/v2\/media\/33858"}],"wp:attachment":[{"href":"http:\/\/shinyyoustationery.com\/de\/wp-json\/wp\/v2\/media?parent=33857"}],"wp:term":[{"taxonomy":"product_brand","embeddable":true,"href":"http:\/\/shinyyoustationery.com\/de\/wp-json\/wp\/v2\/product_brand?post=33857"},{"taxonomy":"product_cat","embeddable":true,"href":"http:\/\/shinyyoustationery.com\/de\/wp-json\/wp\/v2\/product_cat?post=33857"},{"taxonomy":"product_tag","embeddable":true,"href":"http:\/\/shinyyoustationery.com\/de\/wp-json\/wp\/v2\/product_tag?post=33857"}],"curies":[{"name":"wp","href":"https:\/\/api.w.org\/{rel}","templated":true}]}}